{"id":1772,"date":"2021-05-06T08:34:55","date_gmt":"2021-05-06T05:34:55","guid":{"rendered":"http:\/\/www.kutupsogutma.net\/?post_type=product&#038;p=1772"},"modified":"2021-05-06T08:36:00","modified_gmt":"2021-05-06T05:36:00","slug":"supurge-moturu-arcelik-mite-buster-mod40-spg0009","status":"publish","type":"product","link":"http:\/\/www.kutupsogutma.net\/?product=supurge-moturu-arcelik-mite-buster-mod40-spg0009","title":{"rendered":"S\u00dcP\u00dcRGE MOTURU AR\u00c7EL\u0130K M\u0130TE BUSTER MOD:40 SPG0009"},"content":{"rendered":"<p>S\u00dcP\u00dcRGE MOTURU AR\u00c7EL\u0130K M\u0130TE BUSTER MOD:40 SPG0009<\/p>\n","protected":false},"excerpt":{"rendered":"<p>S\u00dcP\u00dcRGE MOTURU AR\u00c7EL\u0130K M\u0130TE BUSTER MOD:40 SPG0009<\/p>\n","protected":false},"featured_media":1773,"comment_status":"open","ping_status":"closed","template":"","meta":[],"product_cat":[132,25],"product_tag":[1888,1889,1883,1884,1878,1877,1882],"_links":{"self":[{"href":"http:\/\/www.kutupsogutma.net\/index.php?rest_route=\/wp\/v2\/product\/1772"}],"collection":[{"href":"http:\/\/www.kutupsogutma.net\/index.php?rest_route=\/wp\/v2\/product"}],"about":[{"href":"http:\/\/www.kutupsogutma.net\/index.php?rest_route=\/wp\/v2\/types\/product"}],"replies":[{"embeddable":true,"href":"http:\/\/www.kutupsogutma.net\/index.php?rest_route=%2Fwp%2Fv2%2Fcomments&post=1772"}],"wp:featuredmedia":[{"embeddable":true,"href":"http:\/\/www.kutupsogutma.net\/index.php?rest_route=\/wp\/v2\/media\/1773"}],"wp:attachment":[{"href":"http:\/\/www.kutupsogutma.net\/index.php?rest_route=%2Fwp%2Fv2%2Fmedia&parent=1772"}],"wp:term":[{"taxonomy":"product_cat","embeddable":true,"href":"http:\/\/www.kutupsogutma.net\/index.php?rest_route=%2Fwp%2Fv2%2Fproduct_cat&post=1772"},{"taxonomy":"product_tag","embeddable":true,"href":"http:\/\/www.kutupsogutma.net\/index.php?rest_route=%2Fwp%2Fv2%2Fproduct_tag&post=1772"}],"curies":[{"name":"wp","href":"https:\/\/api.w.org\/{rel}","templated":true}]}}