{"id":1766,"date":"2021-05-06T08:30:03","date_gmt":"2021-05-06T05:30:03","guid":{"rendered":"http:\/\/www.kutupsogutma.net\/?post_type=product&#038;p=1766"},"modified":"2021-05-06T08:32:57","modified_gmt":"2021-05-06T05:32:57","slug":"supurge-moturu-vestel-fakir-arcelik-mod32-spg0006","status":"publish","type":"product","link":"http:\/\/www.kutupsogutma.net\/?product=supurge-moturu-vestel-fakir-arcelik-mod32-spg0006","title":{"rendered":"S\u00dcP\u00dcRGE MOTURU VESTEL-FAK\u0130R-AR\u00c7EL\u0130K MOD:32 SPG0006"},"content":{"rendered":"<p>S\u00dcP\u00dcRGE MOTURU VESTEL-FAK\u0130R-AR\u00c7EL\u0130K MOD:32 SPG0006<\/p>\n","protected":false},"excerpt":{"rendered":"<p>S\u00dcP\u00dcRGE MOTURU VESTEL-FAK\u0130R-AR\u00c7EL\u0130K MOD:32 SPG0006<\/p>\n","protected":false},"featured_media":1767,"comment_status":"open","ping_status":"closed","template":"","meta":[],"product_cat":[132,25],"product_tag":[1883,1884,1878,1887,1877,1882,1885,1886],"_links":{"self":[{"href":"http:\/\/www.kutupsogutma.net\/index.php?rest_route=\/wp\/v2\/product\/1766"}],"collection":[{"href":"http:\/\/www.kutupsogutma.net\/index.php?rest_route=\/wp\/v2\/product"}],"about":[{"href":"http:\/\/www.kutupsogutma.net\/index.php?rest_route=\/wp\/v2\/types\/product"}],"replies":[{"embeddable":true,"href":"http:\/\/www.kutupsogutma.net\/index.php?rest_route=%2Fwp%2Fv2%2Fcomments&post=1766"}],"wp:featuredmedia":[{"embeddable":true,"href":"http:\/\/www.kutupsogutma.net\/index.php?rest_route=\/wp\/v2\/media\/1767"}],"wp:attachment":[{"href":"http:\/\/www.kutupsogutma.net\/index.php?rest_route=%2Fwp%2Fv2%2Fmedia&parent=1766"}],"wp:term":[{"taxonomy":"product_cat","embeddable":true,"href":"http:\/\/www.kutupsogutma.net\/index.php?rest_route=%2Fwp%2Fv2%2Fproduct_cat&post=1766"},{"taxonomy":"product_tag","embeddable":true,"href":"http:\/\/www.kutupsogutma.net\/index.php?rest_route=%2Fwp%2Fv2%2Fproduct_tag&post=1766"}],"curies":[{"name":"wp","href":"https:\/\/api.w.org\/{rel}","templated":true}]}}