{"id":1764,"date":"2021-05-06T08:28:26","date_gmt":"2021-05-06T05:28:26","guid":{"rendered":"http:\/\/www.kutupsogutma.net\/?post_type=product&#038;p=1764"},"modified":"2021-05-06T08:29:57","modified_gmt":"2021-05-06T05:29:57","slug":"supurge-moturu-arcelik-mod30-spg0005","status":"publish","type":"product","link":"http:\/\/www.kutupsogutma.net\/?product=supurge-moturu-arcelik-mod30-spg0005","title":{"rendered":"S\u00dcP\u00dcRGE MOTURU AR\u00c7EL\u0130K MOD:30 SPG0005"},"content":{"rendered":"<p>S\u00dcP\u00dcRGE MOTURU AR\u00c7EL\u0130K MOD:30 SPG0005<\/p>\n","protected":false},"excerpt":{"rendered":"<p>S\u00dcP\u00dcRGE MOTURU AR\u00c7EL\u0130K MOD:30 SPG0005<\/p>\n","protected":false},"featured_media":1765,"comment_status":"open","ping_status":"closed","template":"","meta":[],"product_cat":[132,25],"product_tag":[1883,1884,1878,1877,1882],"_links":{"self":[{"href":"http:\/\/www.kutupsogutma.net\/index.php?rest_route=\/wp\/v2\/product\/1764"}],"collection":[{"href":"http:\/\/www.kutupsogutma.net\/index.php?rest_route=\/wp\/v2\/product"}],"about":[{"href":"http:\/\/www.kutupsogutma.net\/index.php?rest_route=\/wp\/v2\/types\/product"}],"replies":[{"embeddable":true,"href":"http:\/\/www.kutupsogutma.net\/index.php?rest_route=%2Fwp%2Fv2%2Fcomments&post=1764"}],"wp:featuredmedia":[{"embeddable":true,"href":"http:\/\/www.kutupsogutma.net\/index.php?rest_route=\/wp\/v2\/media\/1765"}],"wp:attachment":[{"href":"http:\/\/www.kutupsogutma.net\/index.php?rest_route=%2Fwp%2Fv2%2Fmedia&parent=1764"}],"wp:term":[{"taxonomy":"product_cat","embeddable":true,"href":"http:\/\/www.kutupsogutma.net\/index.php?rest_route=%2Fwp%2Fv2%2Fproduct_cat&post=1764"},{"taxonomy":"product_tag","embeddable":true,"href":"http:\/\/www.kutupsogutma.net\/index.php?rest_route=%2Fwp%2Fv2%2Fproduct_tag&post=1764"}],"curies":[{"name":"wp","href":"https:\/\/api.w.org\/{rel}","templated":true}]}}