{"id":1750,"date":"2021-05-05T21:46:41","date_gmt":"2021-05-05T18:46:41","guid":{"rendered":"http:\/\/www.kutupsogutma.net\/?post_type=product&#038;p=1750"},"modified":"2021-05-05T21:47:42","modified_gmt":"2021-05-05T18:47:42","slug":"sofben-vida-bilyali-2-sfb4006","status":"publish","type":"product","link":"http:\/\/www.kutupsogutma.net\/?product=sofben-vida-bilyali-2-sfb4006","title":{"rendered":"\u015eOFBEN V\u0130DA B\u0130LYALI 2 \u015eFB4006"},"content":{"rendered":"<p>\u015eOFBEN V\u0130DA B\u0130LYALI 2 \u015eFB4006<\/p>\n","protected":false},"excerpt":{"rendered":"<p>\u015eOFBEN V\u0130DA B\u0130LYALI 2 \u015eFB4006<\/p>\n","protected":false},"featured_media":1751,"comment_status":"open","ping_status":"closed","template":"","meta":[],"product_cat":[1865,26],"product_tag":[1873,1874],"_links":{"self":[{"href":"http:\/\/www.kutupsogutma.net\/index.php?rest_route=\/wp\/v2\/product\/1750"}],"collection":[{"href":"http:\/\/www.kutupsogutma.net\/index.php?rest_route=\/wp\/v2\/product"}],"about":[{"href":"http:\/\/www.kutupsogutma.net\/index.php?rest_route=\/wp\/v2\/types\/product"}],"replies":[{"embeddable":true,"href":"http:\/\/www.kutupsogutma.net\/index.php?rest_route=%2Fwp%2Fv2%2Fcomments&post=1750"}],"wp:featuredmedia":[{"embeddable":true,"href":"http:\/\/www.kutupsogutma.net\/index.php?rest_route=\/wp\/v2\/media\/1751"}],"wp:attachment":[{"href":"http:\/\/www.kutupsogutma.net\/index.php?rest_route=%2Fwp%2Fv2%2Fmedia&parent=1750"}],"wp:term":[{"taxonomy":"product_cat","embeddable":true,"href":"http:\/\/www.kutupsogutma.net\/index.php?rest_route=%2Fwp%2Fv2%2Fproduct_cat&post=1750"},{"taxonomy":"product_tag","embeddable":true,"href":"http:\/\/www.kutupsogutma.net\/index.php?rest_route=%2Fwp%2Fv2%2Fproduct_tag&post=1750"}],"curies":[{"name":"wp","href":"https:\/\/api.w.org\/{rel}","templated":true}]}}