{"id":1748,"date":"2021-05-05T21:45:43","date_gmt":"2021-05-05T18:45:43","guid":{"rendered":"http:\/\/www.kutupsogutma.net\/?post_type=product&#038;p=1748"},"modified":"2021-05-05T21:46:34","modified_gmt":"2021-05-05T18:46:34","slug":"sofben-vida-bilyali-sfb4005","status":"publish","type":"product","link":"http:\/\/www.kutupsogutma.net\/?product=sofben-vida-bilyali-sfb4005","title":{"rendered":"\u015eOFBEN V\u0130DA B\u0130LYALI \u015eFB4005"},"content":{"rendered":"<p>\u015eOFBEN V\u0130DA B\u0130LYALI \u015eFB4005<\/p>\n","protected":false},"excerpt":{"rendered":"<p>\u015eOFBEN V\u0130DA B\u0130LYALI \u015eFB4005<\/p>\n","protected":false},"featured_media":1749,"comment_status":"open","ping_status":"closed","template":"","meta":[],"product_cat":[1865,26],"product_tag":[1873],"_links":{"self":[{"href":"http:\/\/www.kutupsogutma.net\/index.php?rest_route=\/wp\/v2\/product\/1748"}],"collection":[{"href":"http:\/\/www.kutupsogutma.net\/index.php?rest_route=\/wp\/v2\/product"}],"about":[{"href":"http:\/\/www.kutupsogutma.net\/index.php?rest_route=\/wp\/v2\/types\/product"}],"replies":[{"embeddable":true,"href":"http:\/\/www.kutupsogutma.net\/index.php?rest_route=%2Fwp%2Fv2%2Fcomments&post=1748"}],"wp:featuredmedia":[{"embeddable":true,"href":"http:\/\/www.kutupsogutma.net\/index.php?rest_route=\/wp\/v2\/media\/1749"}],"wp:attachment":[{"href":"http:\/\/www.kutupsogutma.net\/index.php?rest_route=%2Fwp%2Fv2%2Fmedia&parent=1748"}],"wp:term":[{"taxonomy":"product_cat","embeddable":true,"href":"http:\/\/www.kutupsogutma.net\/index.php?rest_route=%2Fwp%2Fv2%2Fproduct_cat&post=1748"},{"taxonomy":"product_tag","embeddable":true,"href":"http:\/\/www.kutupsogutma.net\/index.php?rest_route=%2Fwp%2Fv2%2Fproduct_tag&post=1748"}],"curies":[{"name":"wp","href":"https:\/\/api.w.org\/{rel}","templated":true}]}}