{"id":1746,"date":"2021-05-05T21:44:48","date_gmt":"2021-05-05T18:44:48","guid":{"rendered":"http:\/\/www.kutupsogutma.net\/?post_type=product&#038;p=1746"},"modified":"2021-05-05T21:45:37","modified_gmt":"2021-05-05T18:45:37","slug":"sofben-mil-somun-sfb4004","status":"publish","type":"product","link":"http:\/\/www.kutupsogutma.net\/?product=sofben-mil-somun-sfb4004","title":{"rendered":"\u015eOFBEN M\u0130L SOMUN \u015eFB4004"},"content":{"rendered":"<p>\u015eOFBEN M\u0130L SOMUN \u015eFB4004<\/p>\n","protected":false},"excerpt":{"rendered":"<p>\u015eOFBEN M\u0130L SOMUN \u015eFB4004<\/p>\n","protected":false},"featured_media":1747,"comment_status":"open","ping_status":"closed","template":"","meta":[],"product_cat":[1865,26],"product_tag":[1872],"_links":{"self":[{"href":"http:\/\/www.kutupsogutma.net\/index.php?rest_route=\/wp\/v2\/product\/1746"}],"collection":[{"href":"http:\/\/www.kutupsogutma.net\/index.php?rest_route=\/wp\/v2\/product"}],"about":[{"href":"http:\/\/www.kutupsogutma.net\/index.php?rest_route=\/wp\/v2\/types\/product"}],"replies":[{"embeddable":true,"href":"http:\/\/www.kutupsogutma.net\/index.php?rest_route=%2Fwp%2Fv2%2Fcomments&post=1746"}],"wp:featuredmedia":[{"embeddable":true,"href":"http:\/\/www.kutupsogutma.net\/index.php?rest_route=\/wp\/v2\/media\/1747"}],"wp:attachment":[{"href":"http:\/\/www.kutupsogutma.net\/index.php?rest_route=%2Fwp%2Fv2%2Fmedia&parent=1746"}],"wp:term":[{"taxonomy":"product_cat","embeddable":true,"href":"http:\/\/www.kutupsogutma.net\/index.php?rest_route=%2Fwp%2Fv2%2Fproduct_cat&post=1746"},{"taxonomy":"product_tag","embeddable":true,"href":"http:\/\/www.kutupsogutma.net\/index.php?rest_route=%2Fwp%2Fv2%2Fproduct_tag&post=1746"}],"curies":[{"name":"wp","href":"https:\/\/api.w.org\/{rel}","templated":true}]}}