{"id":1744,"date":"2021-05-05T21:43:21","date_gmt":"2021-05-05T18:43:21","guid":{"rendered":"http:\/\/www.kutupsogutma.net\/?post_type=product&#038;p=1744"},"modified":"2021-05-05T21:44:41","modified_gmt":"2021-05-05T18:44:41","slug":"sofben-termosifon-basincli-cekvalf-su-emniyet-ventili-sfb4003","status":"publish","type":"product","link":"http:\/\/www.kutupsogutma.net\/?product=sofben-termosifon-basincli-cekvalf-su-emniyet-ventili-sfb4003","title":{"rendered":"\u015eOFBEN-TERMOS\u0130FON BASIN\u00c7LI \u00c7EKVALF SU EMN\u0130YET VENT\u0130L\u0130 \u015eFB4003"},"content":{"rendered":"<p>\u015eOFBEN-TERMOS\u0130FON BASIN\u00c7LI \u00c7EKVALF SU EMN\u0130YET VENT\u0130L\u0130 \u015eFB4003<\/p>\n","protected":false},"excerpt":{"rendered":"<p>\u015eOFBEN-TERMOS\u0130FON BASIN\u00c7LI \u00c7EKVALF SU EMN\u0130YET VENT\u0130L\u0130 \u015eFB4003<\/p>\n","protected":false},"featured_media":1745,"comment_status":"open","ping_status":"closed","template":"","meta":[],"product_cat":[1865,26],"product_tag":[1870,1869,1871],"_links":{"self":[{"href":"http:\/\/www.kutupsogutma.net\/index.php?rest_route=\/wp\/v2\/product\/1744"}],"collection":[{"href":"http:\/\/www.kutupsogutma.net\/index.php?rest_route=\/wp\/v2\/product"}],"about":[{"href":"http:\/\/www.kutupsogutma.net\/index.php?rest_route=\/wp\/v2\/types\/product"}],"replies":[{"embeddable":true,"href":"http:\/\/www.kutupsogutma.net\/index.php?rest_route=%2Fwp%2Fv2%2Fcomments&post=1744"}],"wp:featuredmedia":[{"embeddable":true,"href":"http:\/\/www.kutupsogutma.net\/index.php?rest_route=\/wp\/v2\/media\/1745"}],"wp:attachment":[{"href":"http:\/\/www.kutupsogutma.net\/index.php?rest_route=%2Fwp%2Fv2%2Fmedia&parent=1744"}],"wp:term":[{"taxonomy":"product_cat","embeddable":true,"href":"http:\/\/www.kutupsogutma.net\/index.php?rest_route=%2Fwp%2Fv2%2Fproduct_cat&post=1744"},{"taxonomy":"product_tag","embeddable":true,"href":"http:\/\/www.kutupsogutma.net\/index.php?rest_route=%2Fwp%2Fv2%2Fproduct_tag&post=1744"}],"curies":[{"name":"wp","href":"https:\/\/api.w.org\/{rel}","templated":true}]}}