{"id":1742,"date":"2021-05-05T21:42:16","date_gmt":"2021-05-05T18:42:16","guid":{"rendered":"http:\/\/www.kutupsogutma.net\/?post_type=product&#038;p=1742"},"modified":"2021-05-05T21:43:15","modified_gmt":"2021-05-05T18:43:15","slug":"sofben-disk-demirdokum-eca-sfb4002","status":"publish","type":"product","link":"http:\/\/www.kutupsogutma.net\/?product=sofben-disk-demirdokum-eca-sfb4002","title":{"rendered":"\u015eOFBEN D\u0130SK DEM\u0130RD\u00d6K\u00dcM-ECA \u015eFB4002"},"content":{"rendered":"<p>\u015eOFBEN D\u0130SK DEM\u0130RD\u00d6K\u00dcM-ECA \u015eFB4002<\/p>\n","protected":false},"excerpt":{"rendered":"<p>\u015eOFBEN D\u0130SK DEM\u0130RD\u00d6K\u00dcM-ECA \u015eFB4002<\/p>\n","protected":false},"featured_media":1743,"comment_status":"open","ping_status":"closed","template":"","meta":[],"product_cat":[1865,26],"product_tag":[1868],"_links":{"self":[{"href":"http:\/\/www.kutupsogutma.net\/index.php?rest_route=\/wp\/v2\/product\/1742"}],"collection":[{"href":"http:\/\/www.kutupsogutma.net\/index.php?rest_route=\/wp\/v2\/product"}],"about":[{"href":"http:\/\/www.kutupsogutma.net\/index.php?rest_route=\/wp\/v2\/types\/product"}],"replies":[{"embeddable":true,"href":"http:\/\/www.kutupsogutma.net\/index.php?rest_route=%2Fwp%2Fv2%2Fcomments&post=1742"}],"wp:featuredmedia":[{"embeddable":true,"href":"http:\/\/www.kutupsogutma.net\/index.php?rest_route=\/wp\/v2\/media\/1743"}],"wp:attachment":[{"href":"http:\/\/www.kutupsogutma.net\/index.php?rest_route=%2Fwp%2Fv2%2Fmedia&parent=1742"}],"wp:term":[{"taxonomy":"product_cat","embeddable":true,"href":"http:\/\/www.kutupsogutma.net\/index.php?rest_route=%2Fwp%2Fv2%2Fproduct_cat&post=1742"},{"taxonomy":"product_tag","embeddable":true,"href":"http:\/\/www.kutupsogutma.net\/index.php?rest_route=%2Fwp%2Fv2%2Fproduct_tag&post=1742"}],"curies":[{"name":"wp","href":"https:\/\/api.w.org\/{rel}","templated":true}]}}