{"id":1738,"date":"2021-05-05T21:37:39","date_gmt":"2021-05-05T18:37:39","guid":{"rendered":"http:\/\/www.kutupsogutma.net\/?post_type=product&#038;p=1738"},"modified":"2021-05-05T21:40:38","modified_gmt":"2021-05-05T18:40:38","slug":"sofben-emniyet-bobin-arcelik-demirdokum-sfb4000","status":"publish","type":"product","link":"http:\/\/www.kutupsogutma.net\/?product=sofben-emniyet-bobin-arcelik-demirdokum-sfb4000","title":{"rendered":"\u015eOFBEN EMN\u0130YET BOB\u0130N AR\u00c7EL\u0130K-DEM\u0130RD\u00d6K\u00dcM \u015eFB4000"},"content":{"rendered":"<p>\u015eOFBEN EMN\u0130YET BOB\u0130N AR\u00c7EL\u0130K-DEM\u0130RD\u00d6K\u00dcM \u015eFB4000<\/p>\n","protected":false},"excerpt":{"rendered":"<p>\u015eOFBEN EMN\u0130YET BOB\u0130N AR\u00c7EL\u0130K-DEM\u0130RD\u00d6K\u00dcM \u015eFB4000<\/p>\n","protected":false},"featured_media":1739,"comment_status":"open","ping_status":"closed","template":"","meta":[],"product_cat":[1865,26],"product_tag":[1867,1866],"_links":{"self":[{"href":"http:\/\/www.kutupsogutma.net\/index.php?rest_route=\/wp\/v2\/product\/1738"}],"collection":[{"href":"http:\/\/www.kutupsogutma.net\/index.php?rest_route=\/wp\/v2\/product"}],"about":[{"href":"http:\/\/www.kutupsogutma.net\/index.php?rest_route=\/wp\/v2\/types\/product"}],"replies":[{"embeddable":true,"href":"http:\/\/www.kutupsogutma.net\/index.php?rest_route=%2Fwp%2Fv2%2Fcomments&post=1738"}],"wp:featuredmedia":[{"embeddable":true,"href":"http:\/\/www.kutupsogutma.net\/index.php?rest_route=\/wp\/v2\/media\/1739"}],"wp:attachment":[{"href":"http:\/\/www.kutupsogutma.net\/index.php?rest_route=%2Fwp%2Fv2%2Fmedia&parent=1738"}],"wp:term":[{"taxonomy":"product_cat","embeddable":true,"href":"http:\/\/www.kutupsogutma.net\/index.php?rest_route=%2Fwp%2Fv2%2Fproduct_cat&post=1738"},{"taxonomy":"product_tag","embeddable":true,"href":"http:\/\/www.kutupsogutma.net\/index.php?rest_route=%2Fwp%2Fv2%2Fproduct_tag&post=1738"}],"curies":[{"name":"wp","href":"https:\/\/api.w.org\/{rel}","templated":true}]}}