{"id":1734,"date":"2021-05-05T21:35:05","date_gmt":"2021-05-05T18:35:05","guid":{"rendered":"http:\/\/www.kutupsogutma.net\/?post_type=product&#038;p=1734"},"modified":"2021-05-05T21:36:32","modified_gmt":"2021-05-05T18:36:32","slug":"sofben-salter-ihlas-cevirmeli-sfb3001","status":"publish","type":"product","link":"http:\/\/www.kutupsogutma.net\/?product=sofben-salter-ihlas-cevirmeli-sfb3001","title":{"rendered":"\u015eOFBEN \u015eALTER \u0130HLAS \u00c7EV\u0130RMEL\u0130 \u015eFB3001"},"content":{"rendered":"<p>\u015eOFBEN \u015eALTER \u0130HLAS \u00c7EV\u0130RMEL\u0130 \u015eFB3001<\/p>\n","protected":false},"excerpt":{"rendered":"<p>\u015eOFBEN \u015eALTER \u0130HLAS \u00c7EV\u0130RMEL\u0130 \u015eFB3001<\/p>\n","protected":false},"featured_media":1735,"comment_status":"open","ping_status":"closed","template":"","meta":[],"product_cat":[131,26],"product_tag":[1862,1861],"_links":{"self":[{"href":"http:\/\/www.kutupsogutma.net\/index.php?rest_route=\/wp\/v2\/product\/1734"}],"collection":[{"href":"http:\/\/www.kutupsogutma.net\/index.php?rest_route=\/wp\/v2\/product"}],"about":[{"href":"http:\/\/www.kutupsogutma.net\/index.php?rest_route=\/wp\/v2\/types\/product"}],"replies":[{"embeddable":true,"href":"http:\/\/www.kutupsogutma.net\/index.php?rest_route=%2Fwp%2Fv2%2Fcomments&post=1734"}],"wp:featuredmedia":[{"embeddable":true,"href":"http:\/\/www.kutupsogutma.net\/index.php?rest_route=\/wp\/v2\/media\/1735"}],"wp:attachment":[{"href":"http:\/\/www.kutupsogutma.net\/index.php?rest_route=%2Fwp%2Fv2%2Fmedia&parent=1734"}],"wp:term":[{"taxonomy":"product_cat","embeddable":true,"href":"http:\/\/www.kutupsogutma.net\/index.php?rest_route=%2Fwp%2Fv2%2Fproduct_cat&post=1734"},{"taxonomy":"product_tag","embeddable":true,"href":"http:\/\/www.kutupsogutma.net\/index.php?rest_route=%2Fwp%2Fv2%2Fproduct_tag&post=1734"}],"curies":[{"name":"wp","href":"https:\/\/api.w.org\/{rel}","templated":true}]}}