{"id":1732,"date":"2021-05-05T21:15:20","date_gmt":"2021-05-05T18:15:20","guid":{"rendered":"http:\/\/www.kutupsogutma.net\/?post_type=product&#038;p=1732"},"modified":"2021-05-05T21:34:58","modified_gmt":"2021-05-05T18:34:58","slug":"sofben-anahtar-acma-kapama-baymak-sfb3000","status":"publish","type":"product","link":"http:\/\/www.kutupsogutma.net\/?product=sofben-anahtar-acma-kapama-baymak-sfb3000","title":{"rendered":"\u015eOFBEN ANAHTAR A\u00c7MA-KAPAMA BAYMAK \u015eFB3000"},"content":{"rendered":"<p>\u015eOFBEN ANAHTAR A\u00c7MA-KAPAMA BAYMAK \u015eFB3000<\/p>\n","protected":false},"excerpt":{"rendered":"<p>\u015eOFBEN ANAHTAR A\u00c7MA-KAPAMA BAYMAK \u015eFB3000<\/p>\n","protected":false},"featured_media":1733,"comment_status":"open","ping_status":"closed","template":"","meta":[],"product_cat":[131,26],"product_tag":[1860,1859,1858],"_links":{"self":[{"href":"http:\/\/www.kutupsogutma.net\/index.php?rest_route=\/wp\/v2\/product\/1732"}],"collection":[{"href":"http:\/\/www.kutupsogutma.net\/index.php?rest_route=\/wp\/v2\/product"}],"about":[{"href":"http:\/\/www.kutupsogutma.net\/index.php?rest_route=\/wp\/v2\/types\/product"}],"replies":[{"embeddable":true,"href":"http:\/\/www.kutupsogutma.net\/index.php?rest_route=%2Fwp%2Fv2%2Fcomments&post=1732"}],"wp:featuredmedia":[{"embeddable":true,"href":"http:\/\/www.kutupsogutma.net\/index.php?rest_route=\/wp\/v2\/media\/1733"}],"wp:attachment":[{"href":"http:\/\/www.kutupsogutma.net\/index.php?rest_route=%2Fwp%2Fv2%2Fmedia&parent=1732"}],"wp:term":[{"taxonomy":"product_cat","embeddable":true,"href":"http:\/\/www.kutupsogutma.net\/index.php?rest_route=%2Fwp%2Fv2%2Fproduct_cat&post=1732"},{"taxonomy":"product_tag","embeddable":true,"href":"http:\/\/www.kutupsogutma.net\/index.php?rest_route=%2Fwp%2Fv2%2Fproduct_tag&post=1732"}],"curies":[{"name":"wp","href":"https:\/\/api.w.org\/{rel}","templated":true}]}}