{"id":1728,"date":"2021-05-05T21:12:32","date_gmt":"2021-05-05T18:12:32","guid":{"rendered":"http:\/\/www.kutupsogutma.net\/?post_type=product&#038;p=1728"},"modified":"2021-05-05T21:13:31","modified_gmt":"2021-05-05T18:13:31","slug":"sofben-diyafram-conta-aeg-bosch-siemens-sfb2007","status":"publish","type":"product","link":"http:\/\/www.kutupsogutma.net\/?product=sofben-diyafram-conta-aeg-bosch-siemens-sfb2007","title":{"rendered":"\u015eOFBEN D\u0130YAFRAM CONTA AEG-BOSCH-S\u0130EMENS \u015eFB2007"},"content":{"rendered":"<p>\u015eOFBEN D\u0130YAFRAM CONTA AEG-BOSCH-S\u0130EMENS \u015eFB2007<\/p>\n","protected":false},"excerpt":{"rendered":"<p>\u015eOFBEN D\u0130YAFRAM CONTA AEG-BOSCH-S\u0130EMENS \u015eFB2007<\/p>\n","protected":false},"featured_media":1729,"comment_status":"open","ping_status":"closed","template":"","meta":[],"product_cat":[130,26],"product_tag":[1855,1854],"_links":{"self":[{"href":"http:\/\/www.kutupsogutma.net\/index.php?rest_route=\/wp\/v2\/product\/1728"}],"collection":[{"href":"http:\/\/www.kutupsogutma.net\/index.php?rest_route=\/wp\/v2\/product"}],"about":[{"href":"http:\/\/www.kutupsogutma.net\/index.php?rest_route=\/wp\/v2\/types\/product"}],"replies":[{"embeddable":true,"href":"http:\/\/www.kutupsogutma.net\/index.php?rest_route=%2Fwp%2Fv2%2Fcomments&post=1728"}],"wp:featuredmedia":[{"embeddable":true,"href":"http:\/\/www.kutupsogutma.net\/index.php?rest_route=\/wp\/v2\/media\/1729"}],"wp:attachment":[{"href":"http:\/\/www.kutupsogutma.net\/index.php?rest_route=%2Fwp%2Fv2%2Fmedia&parent=1728"}],"wp:term":[{"taxonomy":"product_cat","embeddable":true,"href":"http:\/\/www.kutupsogutma.net\/index.php?rest_route=%2Fwp%2Fv2%2Fproduct_cat&post=1728"},{"taxonomy":"product_tag","embeddable":true,"href":"http:\/\/www.kutupsogutma.net\/index.php?rest_route=%2Fwp%2Fv2%2Fproduct_tag&post=1728"}],"curies":[{"name":"wp","href":"https:\/\/api.w.org\/{rel}","templated":true}]}}