{"id":1724,"date":"2021-05-05T21:09:59","date_gmt":"2021-05-05T18:09:59","guid":{"rendered":"http:\/\/www.kutupsogutma.net\/?post_type=product&#038;p=1724"},"modified":"2021-05-05T21:11:00","modified_gmt":"2021-05-05T18:11:00","slug":"sofben-diyafram-conta-junkers-sfb2005","status":"publish","type":"product","link":"http:\/\/www.kutupsogutma.net\/?product=sofben-diyafram-conta-junkers-sfb2005","title":{"rendered":"\u015eOFBEN D\u0130YAFRAM CONTA JUNKERS \u015eFB2005"},"content":{"rendered":"<p>\u015eOFBEN D\u0130YAFRAM CONTA JUNKERS \u015eFB2005<\/p>\n","protected":false},"excerpt":{"rendered":"<p>\u015eOFBEN D\u0130YAFRAM CONTA JUNKERS \u015eFB2005<\/p>\n","protected":false},"featured_media":1725,"comment_status":"open","ping_status":"closed","template":"","meta":[],"product_cat":[130,26],"product_tag":[1851,1850],"_links":{"self":[{"href":"http:\/\/www.kutupsogutma.net\/index.php?rest_route=\/wp\/v2\/product\/1724"}],"collection":[{"href":"http:\/\/www.kutupsogutma.net\/index.php?rest_route=\/wp\/v2\/product"}],"about":[{"href":"http:\/\/www.kutupsogutma.net\/index.php?rest_route=\/wp\/v2\/types\/product"}],"replies":[{"embeddable":true,"href":"http:\/\/www.kutupsogutma.net\/index.php?rest_route=%2Fwp%2Fv2%2Fcomments&post=1724"}],"wp:featuredmedia":[{"embeddable":true,"href":"http:\/\/www.kutupsogutma.net\/index.php?rest_route=\/wp\/v2\/media\/1725"}],"wp:attachment":[{"href":"http:\/\/www.kutupsogutma.net\/index.php?rest_route=%2Fwp%2Fv2%2Fmedia&parent=1724"}],"wp:term":[{"taxonomy":"product_cat","embeddable":true,"href":"http:\/\/www.kutupsogutma.net\/index.php?rest_route=%2Fwp%2Fv2%2Fproduct_cat&post=1724"},{"taxonomy":"product_tag","embeddable":true,"href":"http:\/\/www.kutupsogutma.net\/index.php?rest_route=%2Fwp%2Fv2%2Fproduct_tag&post=1724"}],"curies":[{"name":"wp","href":"https:\/\/api.w.org\/{rel}","templated":true}]}}