{"id":1722,"date":"2021-05-05T21:08:48","date_gmt":"2021-05-05T18:08:48","guid":{"rendered":"http:\/\/www.kutupsogutma.net\/?post_type=product&#038;p=1722"},"modified":"2021-05-05T21:09:51","modified_gmt":"2021-05-05T18:09:51","slug":"sofben-diyafram-conta-eca-sfb2004","status":"publish","type":"product","link":"http:\/\/www.kutupsogutma.net\/?product=sofben-diyafram-conta-eca-sfb2004","title":{"rendered":"\u015eOFBEN D\u0130YAFRAM CONTA ECA \u015eFB2004"},"content":{"rendered":"<p>\u015eOFBEN D\u0130YAFRAM CONTA ECA \u015eFB2004<\/p>\n","protected":false},"excerpt":{"rendered":"<p>\u015eOFBEN D\u0130YAFRAM CONTA ECA \u015eFB2004<\/p>\n","protected":false},"featured_media":1723,"comment_status":"open","ping_status":"closed","template":"","meta":[],"product_cat":[130,26],"product_tag":[1849,1848],"_links":{"self":[{"href":"http:\/\/www.kutupsogutma.net\/index.php?rest_route=\/wp\/v2\/product\/1722"}],"collection":[{"href":"http:\/\/www.kutupsogutma.net\/index.php?rest_route=\/wp\/v2\/product"}],"about":[{"href":"http:\/\/www.kutupsogutma.net\/index.php?rest_route=\/wp\/v2\/types\/product"}],"replies":[{"embeddable":true,"href":"http:\/\/www.kutupsogutma.net\/index.php?rest_route=%2Fwp%2Fv2%2Fcomments&post=1722"}],"wp:featuredmedia":[{"embeddable":true,"href":"http:\/\/www.kutupsogutma.net\/index.php?rest_route=\/wp\/v2\/media\/1723"}],"wp:attachment":[{"href":"http:\/\/www.kutupsogutma.net\/index.php?rest_route=%2Fwp%2Fv2%2Fmedia&parent=1722"}],"wp:term":[{"taxonomy":"product_cat","embeddable":true,"href":"http:\/\/www.kutupsogutma.net\/index.php?rest_route=%2Fwp%2Fv2%2Fproduct_cat&post=1722"},{"taxonomy":"product_tag","embeddable":true,"href":"http:\/\/www.kutupsogutma.net\/index.php?rest_route=%2Fwp%2Fv2%2Fproduct_tag&post=1722"}],"curies":[{"name":"wp","href":"https:\/\/api.w.org\/{rel}","templated":true}]}}