{"id":1720,"date":"2021-05-05T21:06:32","date_gmt":"2021-05-05T18:06:32","guid":{"rendered":"http:\/\/www.kutupsogutma.net\/?post_type=product&#038;p=1720"},"modified":"2021-05-05T21:08:35","modified_gmt":"2021-05-05T18:08:35","slug":"sofben-diyafram-conta-aksu-ihlas-arzum-elektrikli-sfb2003","status":"publish","type":"product","link":"http:\/\/www.kutupsogutma.net\/?product=sofben-diyafram-conta-aksu-ihlas-arzum-elektrikli-sfb2003","title":{"rendered":"\u015eOFBEN D\u0130YAFRAM CONTA AKSU-\u0130HLAS-ARZUM ELEKTR\u0130KL\u0130 \u015eFB2003"},"content":{"rendered":"<p>\u015eOFBEN D\u0130YAFRAM CONTA AKSU-\u0130HLAS-ARZUM ELEKTR\u0130KL\u0130 \u015eFB2003<\/p>\n","protected":false},"excerpt":{"rendered":"<p>\u015eOFBEN D\u0130YAFRAM CONTA AKSU-\u0130HLAS-ARZUM ELEKTR\u0130KL\u0130 \u015eFB2003<\/p>\n","protected":false},"featured_media":1721,"comment_status":"open","ping_status":"closed","template":"","meta":[],"product_cat":[130,26],"product_tag":[1845,1847,1846,1844],"_links":{"self":[{"href":"http:\/\/www.kutupsogutma.net\/index.php?rest_route=\/wp\/v2\/product\/1720"}],"collection":[{"href":"http:\/\/www.kutupsogutma.net\/index.php?rest_route=\/wp\/v2\/product"}],"about":[{"href":"http:\/\/www.kutupsogutma.net\/index.php?rest_route=\/wp\/v2\/types\/product"}],"replies":[{"embeddable":true,"href":"http:\/\/www.kutupsogutma.net\/index.php?rest_route=%2Fwp%2Fv2%2Fcomments&post=1720"}],"wp:featuredmedia":[{"embeddable":true,"href":"http:\/\/www.kutupsogutma.net\/index.php?rest_route=\/wp\/v2\/media\/1721"}],"wp:attachment":[{"href":"http:\/\/www.kutupsogutma.net\/index.php?rest_route=%2Fwp%2Fv2%2Fmedia&parent=1720"}],"wp:term":[{"taxonomy":"product_cat","embeddable":true,"href":"http:\/\/www.kutupsogutma.net\/index.php?rest_route=%2Fwp%2Fv2%2Fproduct_cat&post=1720"},{"taxonomy":"product_tag","embeddable":true,"href":"http:\/\/www.kutupsogutma.net\/index.php?rest_route=%2Fwp%2Fv2%2Fproduct_tag&post=1720"}],"curies":[{"name":"wp","href":"https:\/\/api.w.org\/{rel}","templated":true}]}}