{"id":1713,"date":"2021-05-05T21:02:25","date_gmt":"2021-05-05T18:02:25","guid":{"rendered":"http:\/\/www.kutupsogutma.net\/?post_type=product&#038;p=1713"},"modified":"2021-05-05T21:03:54","modified_gmt":"2021-05-05T18:03:54","slug":"sofben-diyafram-conta-baymak-sfb2000","status":"publish","type":"product","link":"http:\/\/www.kutupsogutma.net\/?product=sofben-diyafram-conta-baymak-sfb2000","title":{"rendered":"\u015eOFBEN D\u0130YAFRAM CONTA BAYMAK \u015eFB2000"},"content":{"rendered":"<p>\u015eOFBEN D\u0130YAFRAM CONTA BAYMAK \u015eFB2000<\/p>\n","protected":false},"excerpt":{"rendered":"<p>\u015eOFBEN D\u0130YAFRAM CONTA BAYMAK \u015eFB2000<\/p>\n","protected":false},"featured_media":1714,"comment_status":"open","ping_status":"closed","template":"","meta":[],"product_cat":[130,26],"product_tag":[1839,1838],"_links":{"self":[{"href":"http:\/\/www.kutupsogutma.net\/index.php?rest_route=\/wp\/v2\/product\/1713"}],"collection":[{"href":"http:\/\/www.kutupsogutma.net\/index.php?rest_route=\/wp\/v2\/product"}],"about":[{"href":"http:\/\/www.kutupsogutma.net\/index.php?rest_route=\/wp\/v2\/types\/product"}],"replies":[{"embeddable":true,"href":"http:\/\/www.kutupsogutma.net\/index.php?rest_route=%2Fwp%2Fv2%2Fcomments&post=1713"}],"wp:featuredmedia":[{"embeddable":true,"href":"http:\/\/www.kutupsogutma.net\/index.php?rest_route=\/wp\/v2\/media\/1714"}],"wp:attachment":[{"href":"http:\/\/www.kutupsogutma.net\/index.php?rest_route=%2Fwp%2Fv2%2Fmedia&parent=1713"}],"wp:term":[{"taxonomy":"product_cat","embeddable":true,"href":"http:\/\/www.kutupsogutma.net\/index.php?rest_route=%2Fwp%2Fv2%2Fproduct_cat&post=1713"},{"taxonomy":"product_tag","embeddable":true,"href":"http:\/\/www.kutupsogutma.net\/index.php?rest_route=%2Fwp%2Fv2%2Fproduct_tag&post=1713"}],"curies":[{"name":"wp","href":"https:\/\/api.w.org\/{rel}","templated":true}]}}