{"id":1709,"date":"2021-05-05T20:59:37","date_gmt":"2021-05-05T17:59:37","guid":{"rendered":"http:\/\/www.kutupsogutma.net\/?post_type=product&#038;p=1709"},"modified":"2021-05-05T21:01:07","modified_gmt":"2021-05-05T18:01:07","slug":"sofben-kombi-termik-105c-baca-sensoru-sfb1000","status":"publish","type":"product","link":"http:\/\/www.kutupsogutma.net\/?product=sofben-kombi-termik-105c-baca-sensoru-sfb1000","title":{"rendered":"\u015eOFBEN-KOMB\u0130 TERM\u0130K 105C BACA SENS\u00d6R\u00dc \u015eFB1000"},"content":{"rendered":"<p>\u015eOFBEN-KOMB\u0130 TERM\u0130K 105C BACA SENS\u00d6R\u00dc \u015eFB1000<\/p>\n","protected":false},"excerpt":{"rendered":"<p>\u015eOFBEN-KOMB\u0130 TERM\u0130K 105C BACA SENS\u00d6R\u00dc \u015eFB1000<\/p>\n","protected":false},"featured_media":1710,"comment_status":"open","ping_status":"closed","template":"","meta":[],"product_cat":[129,26],"product_tag":[1836,1835],"_links":{"self":[{"href":"http:\/\/www.kutupsogutma.net\/index.php?rest_route=\/wp\/v2\/product\/1709"}],"collection":[{"href":"http:\/\/www.kutupsogutma.net\/index.php?rest_route=\/wp\/v2\/product"}],"about":[{"href":"http:\/\/www.kutupsogutma.net\/index.php?rest_route=\/wp\/v2\/types\/product"}],"replies":[{"embeddable":true,"href":"http:\/\/www.kutupsogutma.net\/index.php?rest_route=%2Fwp%2Fv2%2Fcomments&post=1709"}],"wp:featuredmedia":[{"embeddable":true,"href":"http:\/\/www.kutupsogutma.net\/index.php?rest_route=\/wp\/v2\/media\/1710"}],"wp:attachment":[{"href":"http:\/\/www.kutupsogutma.net\/index.php?rest_route=%2Fwp%2Fv2%2Fmedia&parent=1709"}],"wp:term":[{"taxonomy":"product_cat","embeddable":true,"href":"http:\/\/www.kutupsogutma.net\/index.php?rest_route=%2Fwp%2Fv2%2Fproduct_cat&post=1709"},{"taxonomy":"product_tag","embeddable":true,"href":"http:\/\/www.kutupsogutma.net\/index.php?rest_route=%2Fwp%2Fv2%2Fproduct_tag&post=1709"}],"curies":[{"name":"wp","href":"https:\/\/api.w.org\/{rel}","templated":true}]}}