{"id":1703,"date":"2021-05-05T20:55:38","date_gmt":"2021-05-05T17:55:38","guid":{"rendered":"http:\/\/www.kutupsogutma.net\/?post_type=product&#038;p=1703"},"modified":"2021-05-05T20:56:35","modified_gmt":"2021-05-05T17:56:35","slug":"sofben-rezistans-ihlas-delikli-sfb0002","status":"publish","type":"product","link":"http:\/\/www.kutupsogutma.net\/?product=sofben-rezistans-ihlas-delikli-sfb0002","title":{"rendered":"\u015eOFBEN REZ\u0130STANS \u0130HLAS DEL\u0130KL\u0130 \u015eFB0002"},"content":{"rendered":"<p>\u015eOFBEN REZ\u0130STANS \u0130HLAS DEL\u0130KL\u0130 \u015eFB0002<\/p>\n","protected":false},"excerpt":{"rendered":"<p>\u015eOFBEN REZ\u0130STANS \u0130HLAS DEL\u0130KL\u0130 \u015eFB0002<\/p>\n","protected":false},"featured_media":1704,"comment_status":"open","ping_status":"closed","template":"","meta":[],"product_cat":[128,26],"product_tag":[1828,1826,1825,1827],"_links":{"self":[{"href":"http:\/\/www.kutupsogutma.net\/index.php?rest_route=\/wp\/v2\/product\/1703"}],"collection":[{"href":"http:\/\/www.kutupsogutma.net\/index.php?rest_route=\/wp\/v2\/product"}],"about":[{"href":"http:\/\/www.kutupsogutma.net\/index.php?rest_route=\/wp\/v2\/types\/product"}],"replies":[{"embeddable":true,"href":"http:\/\/www.kutupsogutma.net\/index.php?rest_route=%2Fwp%2Fv2%2Fcomments&post=1703"}],"wp:featuredmedia":[{"embeddable":true,"href":"http:\/\/www.kutupsogutma.net\/index.php?rest_route=\/wp\/v2\/media\/1704"}],"wp:attachment":[{"href":"http:\/\/www.kutupsogutma.net\/index.php?rest_route=%2Fwp%2Fv2%2Fmedia&parent=1703"}],"wp:term":[{"taxonomy":"product_cat","embeddable":true,"href":"http:\/\/www.kutupsogutma.net\/index.php?rest_route=%2Fwp%2Fv2%2Fproduct_cat&post=1703"},{"taxonomy":"product_tag","embeddable":true,"href":"http:\/\/www.kutupsogutma.net\/index.php?rest_route=%2Fwp%2Fv2%2Fproduct_tag&post=1703"}],"curies":[{"name":"wp","href":"https:\/\/api.w.org\/{rel}","templated":true}]}}