{"id":1701,"date":"2021-05-05T20:54:31","date_gmt":"2021-05-05T17:54:31","guid":{"rendered":"http:\/\/www.kutupsogutma.net\/?post_type=product&#038;p=1701"},"modified":"2021-05-05T20:55:28","modified_gmt":"2021-05-05T17:55:28","slug":"sofben-rezistans-ihlas-sfb0001","status":"publish","type":"product","link":"http:\/\/www.kutupsogutma.net\/?product=sofben-rezistans-ihlas-sfb0001","title":{"rendered":"\u015eOFBEN REZ\u0130STANS \u0130HLAS \u015eFB0001"},"content":{"rendered":"<p>\u015eOFBEN REZ\u0130STANS \u0130HLAS \u015eFB0001<\/p>\n","protected":false},"excerpt":{"rendered":"<p>\u015eOFBEN REZ\u0130STANS \u0130HLAS \u015eFB0001<\/p>\n","protected":false},"featured_media":1702,"comment_status":"open","ping_status":"closed","template":"","meta":[],"product_cat":[128,26],"product_tag":[1826,1825],"_links":{"self":[{"href":"http:\/\/www.kutupsogutma.net\/index.php?rest_route=\/wp\/v2\/product\/1701"}],"collection":[{"href":"http:\/\/www.kutupsogutma.net\/index.php?rest_route=\/wp\/v2\/product"}],"about":[{"href":"http:\/\/www.kutupsogutma.net\/index.php?rest_route=\/wp\/v2\/types\/product"}],"replies":[{"embeddable":true,"href":"http:\/\/www.kutupsogutma.net\/index.php?rest_route=%2Fwp%2Fv2%2Fcomments&post=1701"}],"wp:featuredmedia":[{"embeddable":true,"href":"http:\/\/www.kutupsogutma.net\/index.php?rest_route=\/wp\/v2\/media\/1702"}],"wp:attachment":[{"href":"http:\/\/www.kutupsogutma.net\/index.php?rest_route=%2Fwp%2Fv2%2Fmedia&parent=1701"}],"wp:term":[{"taxonomy":"product_cat","embeddable":true,"href":"http:\/\/www.kutupsogutma.net\/index.php?rest_route=%2Fwp%2Fv2%2Fproduct_cat&post=1701"},{"taxonomy":"product_tag","embeddable":true,"href":"http:\/\/www.kutupsogutma.net\/index.php?rest_route=%2Fwp%2Fv2%2Fproduct_tag&post=1701"}],"curies":[{"name":"wp","href":"https:\/\/api.w.org\/{rel}","templated":true}]}}