{"id":1699,"date":"2021-05-05T20:54:17","date_gmt":"2021-05-05T17:54:17","guid":{"rendered":"http:\/\/www.kutupsogutma.net\/?post_type=product&#038;p=1699"},"modified":"2021-05-05T20:54:17","modified_gmt":"2021-05-05T17:54:17","slug":"sofben-termostat-30-90-sfb0000","status":"publish","type":"product","link":"http:\/\/www.kutupsogutma.net\/?product=sofben-termostat-30-90-sfb0000","title":{"rendered":"\u015eOFBEN TERMOSTAT 30-90 \u015eFB0000"},"content":{"rendered":"<p>\u015eOFBEN TERMOSTAT 30-90 \u015eFB0000<\/p>\n","protected":false},"excerpt":{"rendered":"<p>\u015eOFBEN TERMOSTAT 30-90 \u015eFB0000<\/p>\n","protected":false},"featured_media":1700,"comment_status":"open","ping_status":"closed","template":"","meta":[],"product_cat":[128,26],"product_tag":[1824],"_links":{"self":[{"href":"http:\/\/www.kutupsogutma.net\/index.php?rest_route=\/wp\/v2\/product\/1699"}],"collection":[{"href":"http:\/\/www.kutupsogutma.net\/index.php?rest_route=\/wp\/v2\/product"}],"about":[{"href":"http:\/\/www.kutupsogutma.net\/index.php?rest_route=\/wp\/v2\/types\/product"}],"replies":[{"embeddable":true,"href":"http:\/\/www.kutupsogutma.net\/index.php?rest_route=%2Fwp%2Fv2%2Fcomments&post=1699"}],"wp:featuredmedia":[{"embeddable":true,"href":"http:\/\/www.kutupsogutma.net\/index.php?rest_route=\/wp\/v2\/media\/1700"}],"wp:attachment":[{"href":"http:\/\/www.kutupsogutma.net\/index.php?rest_route=%2Fwp%2Fv2%2Fmedia&parent=1699"}],"wp:term":[{"taxonomy":"product_cat","embeddable":true,"href":"http:\/\/www.kutupsogutma.net\/index.php?rest_route=%2Fwp%2Fv2%2Fproduct_cat&post=1699"},{"taxonomy":"product_tag","embeddable":true,"href":"http:\/\/www.kutupsogutma.net\/index.php?rest_route=%2Fwp%2Fv2%2Fproduct_tag&post=1699"}],"curies":[{"name":"wp","href":"https:\/\/api.w.org\/{rel}","templated":true}]}}