{"id":1691,"date":"2021-05-05T20:45:49","date_gmt":"2021-05-05T17:45:49","guid":{"rendered":"http:\/\/www.kutupsogutma.net\/?post_type=product&#038;p=1691"},"modified":"2021-05-05T20:47:21","modified_gmt":"2021-05-05T17:47:21","slug":"kondanser-vitrin-1-hp-sgt5000","status":"publish","type":"product","link":"http:\/\/www.kutupsogutma.net\/?product=kondanser-vitrin-1-hp-sgt5000","title":{"rendered":"KONDANSER V\u0130TR\u0130N 1 HP SGT5000"},"content":{"rendered":"<p>KONDANSER V\u0130TR\u0130N 1 HP SGT5000<\/p>\n","protected":false},"excerpt":{"rendered":"<p>KONDANSER V\u0130TR\u0130N 1 HP SGT5000<\/p>\n","protected":false},"featured_media":1692,"comment_status":"open","ping_status":"closed","template":"","meta":[],"product_cat":[127,121],"product_tag":[1814,1813],"_links":{"self":[{"href":"http:\/\/www.kutupsogutma.net\/index.php?rest_route=\/wp\/v2\/product\/1691"}],"collection":[{"href":"http:\/\/www.kutupsogutma.net\/index.php?rest_route=\/wp\/v2\/product"}],"about":[{"href":"http:\/\/www.kutupsogutma.net\/index.php?rest_route=\/wp\/v2\/types\/product"}],"replies":[{"embeddable":true,"href":"http:\/\/www.kutupsogutma.net\/index.php?rest_route=%2Fwp%2Fv2%2Fcomments&post=1691"}],"wp:featuredmedia":[{"embeddable":true,"href":"http:\/\/www.kutupsogutma.net\/index.php?rest_route=\/wp\/v2\/media\/1692"}],"wp:attachment":[{"href":"http:\/\/www.kutupsogutma.net\/index.php?rest_route=%2Fwp%2Fv2%2Fmedia&parent=1691"}],"wp:term":[{"taxonomy":"product_cat","embeddable":true,"href":"http:\/\/www.kutupsogutma.net\/index.php?rest_route=%2Fwp%2Fv2%2Fproduct_cat&post=1691"},{"taxonomy":"product_tag","embeddable":true,"href":"http:\/\/www.kutupsogutma.net\/index.php?rest_route=%2Fwp%2Fv2%2Fproduct_tag&post=1691"}],"curies":[{"name":"wp","href":"https:\/\/api.w.org\/{rel}","templated":true}]}}