{"id":1689,"date":"2021-05-05T20:39:01","date_gmt":"2021-05-05T17:39:01","guid":{"rendered":"http:\/\/www.kutupsogutma.net\/?post_type=product&#038;p=1689"},"modified":"2021-05-05T20:41:59","modified_gmt":"2021-05-05T17:41:59","slug":"pervane-plastik-15cm-siyah-dis-fan-sgt4008","status":"publish","type":"product","link":"http:\/\/www.kutupsogutma.net\/?product=pervane-plastik-15cm-siyah-dis-fan-sgt4008","title":{"rendered":"PERVANE PLAST\u0130K 15CM S\u0130YAH DI\u015e FAN SGT4008"},"content":{"rendered":"<p>PERVANE PLAST\u0130K 15CM S\u0130YAH DI\u015e FAN SGT4008<\/p>\n","protected":false},"excerpt":{"rendered":"<p>PERVANE PLAST\u0130K 15CM S\u0130YAH DI\u015e FAN SGT4008<\/p>\n","protected":false},"featured_media":1690,"comment_status":"open","ping_status":"closed","template":"","meta":[],"product_cat":[126,121],"product_tag":[1812,1811],"_links":{"self":[{"href":"http:\/\/www.kutupsogutma.net\/index.php?rest_route=\/wp\/v2\/product\/1689"}],"collection":[{"href":"http:\/\/www.kutupsogutma.net\/index.php?rest_route=\/wp\/v2\/product"}],"about":[{"href":"http:\/\/www.kutupsogutma.net\/index.php?rest_route=\/wp\/v2\/types\/product"}],"replies":[{"embeddable":true,"href":"http:\/\/www.kutupsogutma.net\/index.php?rest_route=%2Fwp%2Fv2%2Fcomments&post=1689"}],"wp:featuredmedia":[{"embeddable":true,"href":"http:\/\/www.kutupsogutma.net\/index.php?rest_route=\/wp\/v2\/media\/1690"}],"wp:attachment":[{"href":"http:\/\/www.kutupsogutma.net\/index.php?rest_route=%2Fwp%2Fv2%2Fmedia&parent=1689"}],"wp:term":[{"taxonomy":"product_cat","embeddable":true,"href":"http:\/\/www.kutupsogutma.net\/index.php?rest_route=%2Fwp%2Fv2%2Fproduct_cat&post=1689"},{"taxonomy":"product_tag","embeddable":true,"href":"http:\/\/www.kutupsogutma.net\/index.php?rest_route=%2Fwp%2Fv2%2Fproduct_tag&post=1689"}],"curies":[{"name":"wp","href":"https:\/\/api.w.org\/{rel}","templated":true}]}}