{"id":1687,"date":"2021-05-05T20:36:12","date_gmt":"2021-05-05T17:36:12","guid":{"rendered":"http:\/\/www.kutupsogutma.net\/?post_type=product&#038;p=1687"},"modified":"2021-05-05T20:38:50","modified_gmt":"2021-05-05T17:38:50","slug":"pervane-plastik-15cm-beyaz-ic-fan-sgt4007","status":"publish","type":"product","link":"http:\/\/www.kutupsogutma.net\/?product=pervane-plastik-15cm-beyaz-ic-fan-sgt4007","title":{"rendered":"PERVANE PLAST\u0130K 15CM BEYAZ \u0130\u00c7 FAN SGT4007"},"content":{"rendered":"<p>PERVANE PLAST\u0130K 15CM BEYAZ \u0130\u00c7 FAN SGT4007<\/p>\n","protected":false},"excerpt":{"rendered":"<p>PERVANE PLAST\u0130K 15CM BEYAZ \u0130\u00c7 FAN SGT4007<\/p>\n","protected":false},"featured_media":1688,"comment_status":"open","ping_status":"closed","template":"","meta":[],"product_cat":[126,121],"product_tag":[1810,1809,1805,1802],"_links":{"self":[{"href":"http:\/\/www.kutupsogutma.net\/index.php?rest_route=\/wp\/v2\/product\/1687"}],"collection":[{"href":"http:\/\/www.kutupsogutma.net\/index.php?rest_route=\/wp\/v2\/product"}],"about":[{"href":"http:\/\/www.kutupsogutma.net\/index.php?rest_route=\/wp\/v2\/types\/product"}],"replies":[{"embeddable":true,"href":"http:\/\/www.kutupsogutma.net\/index.php?rest_route=%2Fwp%2Fv2%2Fcomments&post=1687"}],"wp:featuredmedia":[{"embeddable":true,"href":"http:\/\/www.kutupsogutma.net\/index.php?rest_route=\/wp\/v2\/media\/1688"}],"wp:attachment":[{"href":"http:\/\/www.kutupsogutma.net\/index.php?rest_route=%2Fwp%2Fv2%2Fmedia&parent=1687"}],"wp:term":[{"taxonomy":"product_cat","embeddable":true,"href":"http:\/\/www.kutupsogutma.net\/index.php?rest_route=%2Fwp%2Fv2%2Fproduct_cat&post=1687"},{"taxonomy":"product_tag","embeddable":true,"href":"http:\/\/www.kutupsogutma.net\/index.php?rest_route=%2Fwp%2Fv2%2Fproduct_tag&post=1687"}],"curies":[{"name":"wp","href":"https:\/\/api.w.org\/{rel}","templated":true}]}}