{"id":1685,"date":"2021-05-05T20:34:14","date_gmt":"2021-05-05T17:34:14","guid":{"rendered":"http:\/\/www.kutupsogutma.net\/?post_type=product&#038;p=1685"},"modified":"2021-05-05T20:35:24","modified_gmt":"2021-05-05T17:35:24","slug":"pervane-plastik-10cm-siyah-sgt4006","status":"publish","type":"product","link":"http:\/\/www.kutupsogutma.net\/?product=pervane-plastik-10cm-siyah-sgt4006","title":{"rendered":"PERVANE PLAST\u0130K 10CM S\u0130YAH SGT4006"},"content":{"rendered":"<p>PERVANE PLAST\u0130K 10CM S\u0130YAH SGT4006<\/p>\n","protected":false},"excerpt":{"rendered":"<p>PERVANE PLAST\u0130K 10CM S\u0130YAH SGT4006<\/p>\n","protected":false},"featured_media":1686,"comment_status":"open","ping_status":"closed","template":"","meta":[],"product_cat":[126,121],"product_tag":[1808,1805,1802],"_links":{"self":[{"href":"http:\/\/www.kutupsogutma.net\/index.php?rest_route=\/wp\/v2\/product\/1685"}],"collection":[{"href":"http:\/\/www.kutupsogutma.net\/index.php?rest_route=\/wp\/v2\/product"}],"about":[{"href":"http:\/\/www.kutupsogutma.net\/index.php?rest_route=\/wp\/v2\/types\/product"}],"replies":[{"embeddable":true,"href":"http:\/\/www.kutupsogutma.net\/index.php?rest_route=%2Fwp%2Fv2%2Fcomments&post=1685"}],"wp:featuredmedia":[{"embeddable":true,"href":"http:\/\/www.kutupsogutma.net\/index.php?rest_route=\/wp\/v2\/media\/1686"}],"wp:attachment":[{"href":"http:\/\/www.kutupsogutma.net\/index.php?rest_route=%2Fwp%2Fv2%2Fmedia&parent=1685"}],"wp:term":[{"taxonomy":"product_cat","embeddable":true,"href":"http:\/\/www.kutupsogutma.net\/index.php?rest_route=%2Fwp%2Fv2%2Fproduct_cat&post=1685"},{"taxonomy":"product_tag","embeddable":true,"href":"http:\/\/www.kutupsogutma.net\/index.php?rest_route=%2Fwp%2Fv2%2Fproduct_tag&post=1685"}],"curies":[{"name":"wp","href":"https:\/\/api.w.org\/{rel}","templated":true}]}}