{"id":1680,"date":"2021-05-05T20:26:55","date_gmt":"2021-05-05T17:26:55","guid":{"rendered":"http:\/\/www.kutupsogutma.net\/?post_type=product&#038;p=1680"},"modified":"2021-05-05T20:29:33","modified_gmt":"2021-05-05T17:29:33","slug":"pervane-aluminyum-20cm-sgt4002","status":"publish","type":"product","link":"http:\/\/www.kutupsogutma.net\/?product=pervane-aluminyum-20cm-sgt4002","title":{"rendered":"PERVANE AL\u00dcM\u0130NYUM 20CM SGT4002"},"content":{"rendered":"<p>PERVANE AL\u00dcM\u0130NYUM 20CM SGT4002<\/p>\n","protected":false},"excerpt":{"rendered":"<p>PERVANE AL\u00dcM\u0130NYUM 20CM SGT4002<\/p>\n","protected":false},"featured_media":1678,"comment_status":"open","ping_status":"closed","template":"","meta":[],"product_cat":[126,121],"product_tag":[1799,1798,1803],"_links":{"self":[{"href":"http:\/\/www.kutupsogutma.net\/index.php?rest_route=\/wp\/v2\/product\/1680"}],"collection":[{"href":"http:\/\/www.kutupsogutma.net\/index.php?rest_route=\/wp\/v2\/product"}],"about":[{"href":"http:\/\/www.kutupsogutma.net\/index.php?rest_route=\/wp\/v2\/types\/product"}],"replies":[{"embeddable":true,"href":"http:\/\/www.kutupsogutma.net\/index.php?rest_route=%2Fwp%2Fv2%2Fcomments&post=1680"}],"wp:featuredmedia":[{"embeddable":true,"href":"http:\/\/www.kutupsogutma.net\/index.php?rest_route=\/wp\/v2\/media\/1678"}],"wp:attachment":[{"href":"http:\/\/www.kutupsogutma.net\/index.php?rest_route=%2Fwp%2Fv2%2Fmedia&parent=1680"}],"wp:term":[{"taxonomy":"product_cat","embeddable":true,"href":"http:\/\/www.kutupsogutma.net\/index.php?rest_route=%2Fwp%2Fv2%2Fproduct_cat&post=1680"},{"taxonomy":"product_tag","embeddable":true,"href":"http:\/\/www.kutupsogutma.net\/index.php?rest_route=%2Fwp%2Fv2%2Fproduct_tag&post=1680"}],"curies":[{"name":"wp","href":"https:\/\/api.w.org\/{rel}","templated":true}]}}