{"id":168,"date":"2021-04-27T10:55:47","date_gmt":"2021-04-27T07:55:47","guid":{"rendered":"http:\/\/www.kutupsogutma.net\/?post_type=product&#038;p=168"},"modified":"2021-04-27T10:55:47","modified_gmt":"2021-04-27T07:55:47","slug":"buzdolabi-kapi-kol-universal-215-cm-gri-beyaz-bzd8011","status":"publish","type":"product","link":"http:\/\/www.kutupsogutma.net\/?product=buzdolabi-kapi-kol-universal-215-cm-gri-beyaz-bzd8011","title":{"rendered":"BUZDOLABI KAPI KOL UNIVERSAL 21,5 CM GR\u0130-BEYAZ BZD8011"},"content":{"rendered":"<p><span style=\"vertical-align: inherit;\"><span style=\"vertical-align: inherit;\">BUZDOLABI KAPI KOL \u00dcN\u0130VERSAL 21,5 CM GR\u0130-BEYAZ BZD8011<\/span><\/span><\/p>\n","protected":false},"excerpt":{"rendered":"<p>BUZDOLABI KAPI KOL \u00dcN\u0130VERSAL 21,5 CM GR\u0130-BEYAZ BZD8011<\/p>\n","protected":false},"featured_media":169,"comment_status":"open","ping_status":"closed","template":"","meta":[],"product_cat":[41,19],"product_tag":[],"_links":{"self":[{"href":"http:\/\/www.kutupsogutma.net\/index.php?rest_route=\/wp\/v2\/product\/168"}],"collection":[{"href":"http:\/\/www.kutupsogutma.net\/index.php?rest_route=\/wp\/v2\/product"}],"about":[{"href":"http:\/\/www.kutupsogutma.net\/index.php?rest_route=\/wp\/v2\/types\/product"}],"replies":[{"embeddable":true,"href":"http:\/\/www.kutupsogutma.net\/index.php?rest_route=%2Fwp%2Fv2%2Fcomments&post=168"}],"wp:featuredmedia":[{"embeddable":true,"href":"http:\/\/www.kutupsogutma.net\/index.php?rest_route=\/wp\/v2\/media\/169"}],"wp:attachment":[{"href":"http:\/\/www.kutupsogutma.net\/index.php?rest_route=%2Fwp%2Fv2%2Fmedia&parent=168"}],"wp:term":[{"taxonomy":"product_cat","embeddable":true,"href":"http:\/\/www.kutupsogutma.net\/index.php?rest_route=%2Fwp%2Fv2%2Fproduct_cat&post=168"},{"taxonomy":"product_tag","embeddable":true,"href":"http:\/\/www.kutupsogutma.net\/index.php?rest_route=%2Fwp%2Fv2%2Fproduct_tag&post=168"}],"curies":[{"name":"wp","href":"https:\/\/api.w.org\/{rel}","templated":true}]}}