{"id":1677,"date":"2021-05-05T20:02:47","date_gmt":"2021-05-05T17:02:47","guid":{"rendered":"http:\/\/www.kutupsogutma.net\/?post_type=product&#038;p=1677"},"modified":"2021-05-05T20:31:38","modified_gmt":"2021-05-05T17:31:38","slug":"pervane-aluminyum-30cm-sgt4000","status":"publish","type":"product","link":"http:\/\/www.kutupsogutma.net\/?product=pervane-aluminyum-30cm-sgt4000","title":{"rendered":"PERVANE AL\u00dcM\u0130NYUM 30CM SGT4000"},"content":{"rendered":"<p>PERVANE AL\u00dcM\u0130NYUM 30CM SGT4000<\/p>\n","protected":false},"excerpt":{"rendered":"<p>PERVANE AL\u00dcM\u0130NYUM 30CM SGT4000<\/p>\n","protected":false},"featured_media":1678,"comment_status":"open","ping_status":"closed","template":"","meta":[],"product_cat":[126,121],"product_tag":[1795,1794,1803],"_links":{"self":[{"href":"http:\/\/www.kutupsogutma.net\/index.php?rest_route=\/wp\/v2\/product\/1677"}],"collection":[{"href":"http:\/\/www.kutupsogutma.net\/index.php?rest_route=\/wp\/v2\/product"}],"about":[{"href":"http:\/\/www.kutupsogutma.net\/index.php?rest_route=\/wp\/v2\/types\/product"}],"replies":[{"embeddable":true,"href":"http:\/\/www.kutupsogutma.net\/index.php?rest_route=%2Fwp%2Fv2%2Fcomments&post=1677"}],"wp:featuredmedia":[{"embeddable":true,"href":"http:\/\/www.kutupsogutma.net\/index.php?rest_route=\/wp\/v2\/media\/1678"}],"wp:attachment":[{"href":"http:\/\/www.kutupsogutma.net\/index.php?rest_route=%2Fwp%2Fv2%2Fmedia&parent=1677"}],"wp:term":[{"taxonomy":"product_cat","embeddable":true,"href":"http:\/\/www.kutupsogutma.net\/index.php?rest_route=%2Fwp%2Fv2%2Fproduct_cat&post=1677"},{"taxonomy":"product_tag","embeddable":true,"href":"http:\/\/www.kutupsogutma.net\/index.php?rest_route=%2Fwp%2Fv2%2Fproduct_tag&post=1677"}],"curies":[{"name":"wp","href":"https:\/\/api.w.org\/{rel}","templated":true}]}}