{"id":1673,"date":"2021-05-05T20:00:12","date_gmt":"2021-05-05T17:00:12","guid":{"rendered":"http:\/\/www.kutupsogutma.net\/?post_type=product&#038;p=1673"},"modified":"2021-05-05T20:01:34","modified_gmt":"2021-05-05T17:01:34","slug":"fan-motoru-radyan-silindir-18-cm-sgt3007","status":"publish","type":"product","link":"http:\/\/www.kutupsogutma.net\/?product=fan-motoru-radyan-silindir-18-cm-sgt3007","title":{"rendered":"FAN MOTORU RADYAN S\u0130L\u0130ND\u0130R 18 CM SGT3007"},"content":{"rendered":"<p>FAN MOTORU RADYAN S\u0130L\u0130ND\u0130R 18 CM SGT3007<\/p>\n","protected":false},"excerpt":{"rendered":"<p>FAN MOTORU RADYAN S\u0130L\u0130ND\u0130R 18 CM SGT3007<\/p>\n","protected":false},"featured_media":1674,"comment_status":"open","ping_status":"closed","template":"","meta":[],"product_cat":[125,121],"product_tag":[1789,1790,1791],"_links":{"self":[{"href":"http:\/\/www.kutupsogutma.net\/index.php?rest_route=\/wp\/v2\/product\/1673"}],"collection":[{"href":"http:\/\/www.kutupsogutma.net\/index.php?rest_route=\/wp\/v2\/product"}],"about":[{"href":"http:\/\/www.kutupsogutma.net\/index.php?rest_route=\/wp\/v2\/types\/product"}],"replies":[{"embeddable":true,"href":"http:\/\/www.kutupsogutma.net\/index.php?rest_route=%2Fwp%2Fv2%2Fcomments&post=1673"}],"wp:featuredmedia":[{"embeddable":true,"href":"http:\/\/www.kutupsogutma.net\/index.php?rest_route=\/wp\/v2\/media\/1674"}],"wp:attachment":[{"href":"http:\/\/www.kutupsogutma.net\/index.php?rest_route=%2Fwp%2Fv2%2Fmedia&parent=1673"}],"wp:term":[{"taxonomy":"product_cat","embeddable":true,"href":"http:\/\/www.kutupsogutma.net\/index.php?rest_route=%2Fwp%2Fv2%2Fproduct_cat&post=1673"},{"taxonomy":"product_tag","embeddable":true,"href":"http:\/\/www.kutupsogutma.net\/index.php?rest_route=%2Fwp%2Fv2%2Fproduct_tag&post=1673"}],"curies":[{"name":"wp","href":"https:\/\/api.w.org\/{rel}","templated":true}]}}