{"id":1668,"date":"2021-05-05T19:57:23","date_gmt":"2021-05-05T16:57:23","guid":{"rendered":"http:\/\/www.kutupsogutma.net\/?post_type=product&#038;p=1668"},"modified":"2021-05-05T19:58:01","modified_gmt":"2021-05-05T16:58:01","slug":"fan-motoru-aksiyel-450mm-45-lik-emici-sgt3004","status":"publish","type":"product","link":"http:\/\/www.kutupsogutma.net\/?product=fan-motoru-aksiyel-450mm-45-lik-emici-sgt3004","title":{"rendered":"FAN MOTORU AKS\u0130YEL 450MM 45 L\u0130K EM\u0130C\u0130 SGT3004"},"content":{"rendered":"<p>FAN MOTORU AKS\u0130YEL 450MM 45 L\u0130K EM\u0130C\u0130 SGT3004<\/p>\n","protected":false},"excerpt":{"rendered":"<p>FAN MOTORU AKS\u0130YEL 450MM 45 L\u0130K EM\u0130C\u0130 SGT3004<\/p>\n","protected":false},"featured_media":1663,"comment_status":"open","ping_status":"closed","template":"","meta":[],"product_cat":[125,121],"product_tag":[1777,1784,1783,1780],"_links":{"self":[{"href":"http:\/\/www.kutupsogutma.net\/index.php?rest_route=\/wp\/v2\/product\/1668"}],"collection":[{"href":"http:\/\/www.kutupsogutma.net\/index.php?rest_route=\/wp\/v2\/product"}],"about":[{"href":"http:\/\/www.kutupsogutma.net\/index.php?rest_route=\/wp\/v2\/types\/product"}],"replies":[{"embeddable":true,"href":"http:\/\/www.kutupsogutma.net\/index.php?rest_route=%2Fwp%2Fv2%2Fcomments&post=1668"}],"wp:featuredmedia":[{"embeddable":true,"href":"http:\/\/www.kutupsogutma.net\/index.php?rest_route=\/wp\/v2\/media\/1663"}],"wp:attachment":[{"href":"http:\/\/www.kutupsogutma.net\/index.php?rest_route=%2Fwp%2Fv2%2Fmedia&parent=1668"}],"wp:term":[{"taxonomy":"product_cat","embeddable":true,"href":"http:\/\/www.kutupsogutma.net\/index.php?rest_route=%2Fwp%2Fv2%2Fproduct_cat&post=1668"},{"taxonomy":"product_tag","embeddable":true,"href":"http:\/\/www.kutupsogutma.net\/index.php?rest_route=%2Fwp%2Fv2%2Fproduct_tag&post=1668"}],"curies":[{"name":"wp","href":"https:\/\/api.w.org\/{rel}","templated":true}]}}