{"id":1662,"date":"2021-05-05T19:53:04","date_gmt":"2021-05-05T16:53:04","guid":{"rendered":"http:\/\/www.kutupsogutma.net\/?post_type=product&#038;p=1662"},"modified":"2021-05-05T19:54:35","modified_gmt":"2021-05-05T16:54:35","slug":"fan-motoru-aksiyel-250mm-25-lik-emici-sgt3000","status":"publish","type":"product","link":"http:\/\/www.kutupsogutma.net\/?product=fan-motoru-aksiyel-250mm-25-lik-emici-sgt3000","title":{"rendered":"FAN MOTORU AKS\u0130YEL 250MM 25 L\u0130K EM\u0130C\u0130 SGT3000"},"content":{"rendered":"<p>FAN MOTORU AKS\u0130YEL 250MM 25 L\u0130K EM\u0130C\u0130 SGT3000<\/p>\n","protected":false},"excerpt":{"rendered":"<p>FAN MOTORU AKS\u0130YEL 250MM 25 L\u0130K EM\u0130C\u0130 SGT3000<\/p>\n","protected":false},"featured_media":1663,"comment_status":"open","ping_status":"closed","template":"","meta":[],"product_cat":[125,121],"product_tag":[1774,1773],"_links":{"self":[{"href":"http:\/\/www.kutupsogutma.net\/index.php?rest_route=\/wp\/v2\/product\/1662"}],"collection":[{"href":"http:\/\/www.kutupsogutma.net\/index.php?rest_route=\/wp\/v2\/product"}],"about":[{"href":"http:\/\/www.kutupsogutma.net\/index.php?rest_route=\/wp\/v2\/types\/product"}],"replies":[{"embeddable":true,"href":"http:\/\/www.kutupsogutma.net\/index.php?rest_route=%2Fwp%2Fv2%2Fcomments&post=1662"}],"wp:featuredmedia":[{"embeddable":true,"href":"http:\/\/www.kutupsogutma.net\/index.php?rest_route=\/wp\/v2\/media\/1663"}],"wp:attachment":[{"href":"http:\/\/www.kutupsogutma.net\/index.php?rest_route=%2Fwp%2Fv2%2Fmedia&parent=1662"}],"wp:term":[{"taxonomy":"product_cat","embeddable":true,"href":"http:\/\/www.kutupsogutma.net\/index.php?rest_route=%2Fwp%2Fv2%2Fproduct_cat&post=1662"},{"taxonomy":"product_tag","embeddable":true,"href":"http:\/\/www.kutupsogutma.net\/index.php?rest_route=%2Fwp%2Fv2%2Fproduct_tag&post=1662"}],"curies":[{"name":"wp","href":"https:\/\/api.w.org\/{rel}","templated":true}]}}