{"id":1660,"date":"2021-05-05T19:51:54","date_gmt":"2021-05-05T16:51:54","guid":{"rendered":"http:\/\/www.kutupsogutma.net\/?post_type=product&#038;p=1660"},"modified":"2021-05-05T19:52:53","modified_gmt":"2021-05-05T16:52:53","slug":"vitrin-dolap-ayagi-sgt2013","status":"publish","type":"product","link":"http:\/\/www.kutupsogutma.net\/?product=vitrin-dolap-ayagi-sgt2013","title":{"rendered":"V\u0130TR\u0130N DOLAP AYA\u011eI SGT2013"},"content":{"rendered":"<p>V\u0130TR\u0130N DOLAP AYA\u011eI SGT2013<\/p>\n","protected":false},"excerpt":{"rendered":"<p>V\u0130TR\u0130N DOLAP AYA\u011eI SGT2013<\/p>\n","protected":false},"featured_media":1661,"comment_status":"open","ping_status":"closed","template":"","meta":[],"product_cat":[121,124],"product_tag":[1771,1772],"_links":{"self":[{"href":"http:\/\/www.kutupsogutma.net\/index.php?rest_route=\/wp\/v2\/product\/1660"}],"collection":[{"href":"http:\/\/www.kutupsogutma.net\/index.php?rest_route=\/wp\/v2\/product"}],"about":[{"href":"http:\/\/www.kutupsogutma.net\/index.php?rest_route=\/wp\/v2\/types\/product"}],"replies":[{"embeddable":true,"href":"http:\/\/www.kutupsogutma.net\/index.php?rest_route=%2Fwp%2Fv2%2Fcomments&post=1660"}],"wp:featuredmedia":[{"embeddable":true,"href":"http:\/\/www.kutupsogutma.net\/index.php?rest_route=\/wp\/v2\/media\/1661"}],"wp:attachment":[{"href":"http:\/\/www.kutupsogutma.net\/index.php?rest_route=%2Fwp%2Fv2%2Fmedia&parent=1660"}],"wp:term":[{"taxonomy":"product_cat","embeddable":true,"href":"http:\/\/www.kutupsogutma.net\/index.php?rest_route=%2Fwp%2Fv2%2Fproduct_cat&post=1660"},{"taxonomy":"product_tag","embeddable":true,"href":"http:\/\/www.kutupsogutma.net\/index.php?rest_route=%2Fwp%2Fv2%2Fproduct_tag&post=1660"}],"curies":[{"name":"wp","href":"https:\/\/api.w.org\/{rel}","templated":true}]}}