{"id":166,"date":"2021-04-27T10:54:40","date_gmt":"2021-04-27T07:54:40","guid":{"rendered":"http:\/\/www.kutupsogutma.net\/?post_type=product&#038;p=166"},"modified":"2021-04-27T10:54:41","modified_gmt":"2021-04-27T07:54:41","slug":"buzdolabi-kapi-kol-arcelik-351-21-cm-nikel-bzd8010","status":"publish","type":"product","link":"http:\/\/www.kutupsogutma.net\/?product=buzdolabi-kapi-kol-arcelik-351-21-cm-nikel-bzd8010","title":{"rendered":"BUZDOLABI KAPI KOL AR\u00c7EL\u0130K 351 21 CM N\u0130KEL BZD8010"},"content":{"rendered":"<p><span style=\"vertical-align: inherit;\"><span style=\"vertical-align: inherit;\">BUZDOLABI KAPI KOL AR\u00c7EL\u0130K 351 21 CM N\u0130KEL BZD8010<\/span><\/span><\/p>\n","protected":false},"excerpt":{"rendered":"<p>BUZDOLABI KAPI KOL AR\u00c7EL\u0130K 351 21 CM N\u0130KEL BZD8010<\/p>\n","protected":false},"featured_media":167,"comment_status":"open","ping_status":"closed","template":"","meta":[],"product_cat":[41,19],"product_tag":[],"_links":{"self":[{"href":"http:\/\/www.kutupsogutma.net\/index.php?rest_route=\/wp\/v2\/product\/166"}],"collection":[{"href":"http:\/\/www.kutupsogutma.net\/index.php?rest_route=\/wp\/v2\/product"}],"about":[{"href":"http:\/\/www.kutupsogutma.net\/index.php?rest_route=\/wp\/v2\/types\/product"}],"replies":[{"embeddable":true,"href":"http:\/\/www.kutupsogutma.net\/index.php?rest_route=%2Fwp%2Fv2%2Fcomments&post=166"}],"wp:featuredmedia":[{"embeddable":true,"href":"http:\/\/www.kutupsogutma.net\/index.php?rest_route=\/wp\/v2\/media\/167"}],"wp:attachment":[{"href":"http:\/\/www.kutupsogutma.net\/index.php?rest_route=%2Fwp%2Fv2%2Fmedia&parent=166"}],"wp:term":[{"taxonomy":"product_cat","embeddable":true,"href":"http:\/\/www.kutupsogutma.net\/index.php?rest_route=%2Fwp%2Fv2%2Fproduct_cat&post=166"},{"taxonomy":"product_tag","embeddable":true,"href":"http:\/\/www.kutupsogutma.net\/index.php?rest_route=%2Fwp%2Fv2%2Fproduct_tag&post=166"}],"curies":[{"name":"wp","href":"https:\/\/api.w.org\/{rel}","templated":true}]}}