{"id":1656,"date":"2021-05-05T19:49:26","date_gmt":"2021-05-05T16:49:26","guid":{"rendered":"http:\/\/www.kutupsogutma.net\/?post_type=product&#038;p=1656"},"modified":"2021-05-05T19:50:34","modified_gmt":"2021-05-05T16:50:34","slug":"vitrin-kilit-karaman-sgt2011","status":"publish","type":"product","link":"http:\/\/www.kutupsogutma.net\/?product=vitrin-kilit-karaman-sgt2011","title":{"rendered":"V\u0130TR\u0130N K\u0130L\u0130T KARAMAN SGT2011"},"content":{"rendered":"<p>V\u0130TR\u0130N K\u0130L\u0130T KARAMAN SGT2011<\/p>\n","protected":false},"excerpt":{"rendered":"<p>V\u0130TR\u0130N K\u0130L\u0130T KARAMAN SGT2011<\/p>\n","protected":false},"featured_media":1657,"comment_status":"open","ping_status":"closed","template":"","meta":[],"product_cat":[121,124],"product_tag":[1767,1766,1765],"_links":{"self":[{"href":"http:\/\/www.kutupsogutma.net\/index.php?rest_route=\/wp\/v2\/product\/1656"}],"collection":[{"href":"http:\/\/www.kutupsogutma.net\/index.php?rest_route=\/wp\/v2\/product"}],"about":[{"href":"http:\/\/www.kutupsogutma.net\/index.php?rest_route=\/wp\/v2\/types\/product"}],"replies":[{"embeddable":true,"href":"http:\/\/www.kutupsogutma.net\/index.php?rest_route=%2Fwp%2Fv2%2Fcomments&post=1656"}],"wp:featuredmedia":[{"embeddable":true,"href":"http:\/\/www.kutupsogutma.net\/index.php?rest_route=\/wp\/v2\/media\/1657"}],"wp:attachment":[{"href":"http:\/\/www.kutupsogutma.net\/index.php?rest_route=%2Fwp%2Fv2%2Fmedia&parent=1656"}],"wp:term":[{"taxonomy":"product_cat","embeddable":true,"href":"http:\/\/www.kutupsogutma.net\/index.php?rest_route=%2Fwp%2Fv2%2Fproduct_cat&post=1656"},{"taxonomy":"product_tag","embeddable":true,"href":"http:\/\/www.kutupsogutma.net\/index.php?rest_route=%2Fwp%2Fv2%2Fproduct_tag&post=1656"}],"curies":[{"name":"wp","href":"https:\/\/api.w.org\/{rel}","templated":true}]}}