{"id":1654,"date":"2021-05-05T19:48:05","date_gmt":"2021-05-05T16:48:05","guid":{"rendered":"http:\/\/www.kutupsogutma.net\/?post_type=product&#038;p=1654"},"modified":"2021-05-05T19:49:11","modified_gmt":"2021-05-05T16:49:11","slug":"vitrin-kilit-buzhane-sgt2010","status":"publish","type":"product","link":"http:\/\/www.kutupsogutma.net\/?product=vitrin-kilit-buzhane-sgt2010","title":{"rendered":"V\u0130TR\u0130N K\u0130L\u0130T BUZHANE SGT2010"},"content":{"rendered":"<p>V\u0130TR\u0130N K\u0130L\u0130T BUZHANE SGT2010<\/p>\n","protected":false},"excerpt":{"rendered":"<p>V\u0130TR\u0130N K\u0130L\u0130T BUZHANE SGT2010<\/p>\n","protected":false},"featured_media":1655,"comment_status":"open","ping_status":"closed","template":"","meta":[],"product_cat":[121,124],"product_tag":[1764,1763,1762],"_links":{"self":[{"href":"http:\/\/www.kutupsogutma.net\/index.php?rest_route=\/wp\/v2\/product\/1654"}],"collection":[{"href":"http:\/\/www.kutupsogutma.net\/index.php?rest_route=\/wp\/v2\/product"}],"about":[{"href":"http:\/\/www.kutupsogutma.net\/index.php?rest_route=\/wp\/v2\/types\/product"}],"replies":[{"embeddable":true,"href":"http:\/\/www.kutupsogutma.net\/index.php?rest_route=%2Fwp%2Fv2%2Fcomments&post=1654"}],"wp:featuredmedia":[{"embeddable":true,"href":"http:\/\/www.kutupsogutma.net\/index.php?rest_route=\/wp\/v2\/media\/1655"}],"wp:attachment":[{"href":"http:\/\/www.kutupsogutma.net\/index.php?rest_route=%2Fwp%2Fv2%2Fmedia&parent=1654"}],"wp:term":[{"taxonomy":"product_cat","embeddable":true,"href":"http:\/\/www.kutupsogutma.net\/index.php?rest_route=%2Fwp%2Fv2%2Fproduct_cat&post=1654"},{"taxonomy":"product_tag","embeddable":true,"href":"http:\/\/www.kutupsogutma.net\/index.php?rest_route=%2Fwp%2Fv2%2Fproduct_tag&post=1654"}],"curies":[{"name":"wp","href":"https:\/\/api.w.org\/{rel}","templated":true}]}}