{"id":1652,"date":"2021-05-05T19:46:11","date_gmt":"2021-05-05T16:46:11","guid":{"rendered":"http:\/\/www.kutupsogutma.net\/?post_type=product&#038;p=1652"},"modified":"2021-05-05T19:47:57","modified_gmt":"2021-05-05T16:47:57","slug":"vitrin-kilit-yan-dik-anahtarli-sgt2009","status":"publish","type":"product","link":"http:\/\/www.kutupsogutma.net\/?product=vitrin-kilit-yan-dik-anahtarli-sgt2009","title":{"rendered":"V\u0130TR\u0130N K\u0130L\u0130T YAN D\u0130K ANAHTARLI SGT2009"},"content":{"rendered":"<p>V\u0130TR\u0130N K\u0130L\u0130T YAN D\u0130K ANAHTARLI SGT2009<\/p>\n","protected":false},"excerpt":{"rendered":"<p>V\u0130TR\u0130N K\u0130L\u0130T YAN D\u0130K ANAHTARLI SGT2009<\/p>\n","protected":false},"featured_media":1653,"comment_status":"open","ping_status":"closed","template":"","meta":[],"product_cat":[121,124],"product_tag":[1761,1760,1759,1757,1758],"_links":{"self":[{"href":"http:\/\/www.kutupsogutma.net\/index.php?rest_route=\/wp\/v2\/product\/1652"}],"collection":[{"href":"http:\/\/www.kutupsogutma.net\/index.php?rest_route=\/wp\/v2\/product"}],"about":[{"href":"http:\/\/www.kutupsogutma.net\/index.php?rest_route=\/wp\/v2\/types\/product"}],"replies":[{"embeddable":true,"href":"http:\/\/www.kutupsogutma.net\/index.php?rest_route=%2Fwp%2Fv2%2Fcomments&post=1652"}],"wp:featuredmedia":[{"embeddable":true,"href":"http:\/\/www.kutupsogutma.net\/index.php?rest_route=\/wp\/v2\/media\/1653"}],"wp:attachment":[{"href":"http:\/\/www.kutupsogutma.net\/index.php?rest_route=%2Fwp%2Fv2%2Fmedia&parent=1652"}],"wp:term":[{"taxonomy":"product_cat","embeddable":true,"href":"http:\/\/www.kutupsogutma.net\/index.php?rest_route=%2Fwp%2Fv2%2Fproduct_cat&post=1652"},{"taxonomy":"product_tag","embeddable":true,"href":"http:\/\/www.kutupsogutma.net\/index.php?rest_route=%2Fwp%2Fv2%2Fproduct_tag&post=1652"}],"curies":[{"name":"wp","href":"https:\/\/api.w.org\/{rel}","templated":true}]}}