{"id":1650,"date":"2021-05-05T19:43:09","date_gmt":"2021-05-05T16:43:09","guid":{"rendered":"http:\/\/www.kutupsogutma.net\/?post_type=product&#038;p=1650"},"modified":"2021-05-05T19:45:52","modified_gmt":"2021-05-05T16:45:52","slug":"vitrin-kilit-yan-dik-anahtarsiz-sgt2008","status":"publish","type":"product","link":"http:\/\/www.kutupsogutma.net\/?product=vitrin-kilit-yan-dik-anahtarsiz-sgt2008","title":{"rendered":"V\u0130TR\u0130N K\u0130L\u0130T YAN D\u0130K ANAHTARSIZ SGT2008"},"content":{"rendered":"<p>V\u0130TR\u0130N K\u0130L\u0130T YAN D\u0130K ANAHTARSIZ SGT2008<\/p>\n","protected":false},"excerpt":{"rendered":"<p>V\u0130TR\u0130N K\u0130L\u0130T YAN D\u0130K ANAHTARSIZ SGT2008<\/p>\n","protected":false},"featured_media":1651,"comment_status":"open","ping_status":"closed","template":"","meta":[],"product_cat":[121,124],"product_tag":[1756,1755,1753,1754],"_links":{"self":[{"href":"http:\/\/www.kutupsogutma.net\/index.php?rest_route=\/wp\/v2\/product\/1650"}],"collection":[{"href":"http:\/\/www.kutupsogutma.net\/index.php?rest_route=\/wp\/v2\/product"}],"about":[{"href":"http:\/\/www.kutupsogutma.net\/index.php?rest_route=\/wp\/v2\/types\/product"}],"replies":[{"embeddable":true,"href":"http:\/\/www.kutupsogutma.net\/index.php?rest_route=%2Fwp%2Fv2%2Fcomments&post=1650"}],"wp:featuredmedia":[{"embeddable":true,"href":"http:\/\/www.kutupsogutma.net\/index.php?rest_route=\/wp\/v2\/media\/1651"}],"wp:attachment":[{"href":"http:\/\/www.kutupsogutma.net\/index.php?rest_route=%2Fwp%2Fv2%2Fmedia&parent=1650"}],"wp:term":[{"taxonomy":"product_cat","embeddable":true,"href":"http:\/\/www.kutupsogutma.net\/index.php?rest_route=%2Fwp%2Fv2%2Fproduct_cat&post=1650"},{"taxonomy":"product_tag","embeddable":true,"href":"http:\/\/www.kutupsogutma.net\/index.php?rest_route=%2Fwp%2Fv2%2Fproduct_tag&post=1650"}],"curies":[{"name":"wp","href":"https:\/\/api.w.org\/{rel}","templated":true}]}}