{"id":1648,"date":"2021-05-05T19:42:01","date_gmt":"2021-05-05T16:42:01","guid":{"rendered":"http:\/\/www.kutupsogutma.net\/?post_type=product&#038;p=1648"},"modified":"2021-05-05T19:43:02","modified_gmt":"2021-05-05T16:43:02","slug":"vitrin-kilit-otomatik-carpmali-sgt2007","status":"publish","type":"product","link":"http:\/\/www.kutupsogutma.net\/?product=vitrin-kilit-otomatik-carpmali-sgt2007","title":{"rendered":"V\u0130TR\u0130N K\u0130L\u0130T OTOMAT\u0130K \u00c7ARPMALI SGT2007"},"content":{"rendered":"<p>V\u0130TR\u0130N K\u0130L\u0130T OTOMAT\u0130K \u00c7ARPMALI SGT2007<\/p>\n","protected":false},"excerpt":{"rendered":"<p>V\u0130TR\u0130N K\u0130L\u0130T OTOMAT\u0130K \u00c7ARPMALI SGT2007<\/p>\n","protected":false},"featured_media":1649,"comment_status":"open","ping_status":"closed","template":"","meta":[],"product_cat":[121,124],"product_tag":[1752,1751,1750],"_links":{"self":[{"href":"http:\/\/www.kutupsogutma.net\/index.php?rest_route=\/wp\/v2\/product\/1648"}],"collection":[{"href":"http:\/\/www.kutupsogutma.net\/index.php?rest_route=\/wp\/v2\/product"}],"about":[{"href":"http:\/\/www.kutupsogutma.net\/index.php?rest_route=\/wp\/v2\/types\/product"}],"replies":[{"embeddable":true,"href":"http:\/\/www.kutupsogutma.net\/index.php?rest_route=%2Fwp%2Fv2%2Fcomments&post=1648"}],"wp:featuredmedia":[{"embeddable":true,"href":"http:\/\/www.kutupsogutma.net\/index.php?rest_route=\/wp\/v2\/media\/1649"}],"wp:attachment":[{"href":"http:\/\/www.kutupsogutma.net\/index.php?rest_route=%2Fwp%2Fv2%2Fmedia&parent=1648"}],"wp:term":[{"taxonomy":"product_cat","embeddable":true,"href":"http:\/\/www.kutupsogutma.net\/index.php?rest_route=%2Fwp%2Fv2%2Fproduct_cat&post=1648"},{"taxonomy":"product_tag","embeddable":true,"href":"http:\/\/www.kutupsogutma.net\/index.php?rest_route=%2Fwp%2Fv2%2Fproduct_tag&post=1648"}],"curies":[{"name":"wp","href":"https:\/\/api.w.org\/{rel}","templated":true}]}}