{"id":1644,"date":"2021-05-05T19:39:05","date_gmt":"2021-05-05T16:39:05","guid":{"rendered":"http:\/\/www.kutupsogutma.net\/?post_type=product&#038;p=1644"},"modified":"2021-05-05T19:40:13","modified_gmt":"2021-05-05T16:40:13","slug":"vitrin-mentese-kare-sgt2005","status":"publish","type":"product","link":"http:\/\/www.kutupsogutma.net\/?product=vitrin-mentese-kare-sgt2005","title":{"rendered":"V\u0130TR\u0130N MENTE\u015eE KARE SGT2005"},"content":{"rendered":"<p>V\u0130TR\u0130N MENTE\u015eE KARE SGT2005<\/p>\n","protected":false},"excerpt":{"rendered":"<p>V\u0130TR\u0130N MENTE\u015eE KARE SGT2005<\/p>\n","protected":false},"featured_media":1645,"comment_status":"open","ping_status":"closed","template":"","meta":[],"product_cat":[121,124],"product_tag":[1745,1744,1746,1743],"_links":{"self":[{"href":"http:\/\/www.kutupsogutma.net\/index.php?rest_route=\/wp\/v2\/product\/1644"}],"collection":[{"href":"http:\/\/www.kutupsogutma.net\/index.php?rest_route=\/wp\/v2\/product"}],"about":[{"href":"http:\/\/www.kutupsogutma.net\/index.php?rest_route=\/wp\/v2\/types\/product"}],"replies":[{"embeddable":true,"href":"http:\/\/www.kutupsogutma.net\/index.php?rest_route=%2Fwp%2Fv2%2Fcomments&post=1644"}],"wp:featuredmedia":[{"embeddable":true,"href":"http:\/\/www.kutupsogutma.net\/index.php?rest_route=\/wp\/v2\/media\/1645"}],"wp:attachment":[{"href":"http:\/\/www.kutupsogutma.net\/index.php?rest_route=%2Fwp%2Fv2%2Fmedia&parent=1644"}],"wp:term":[{"taxonomy":"product_cat","embeddable":true,"href":"http:\/\/www.kutupsogutma.net\/index.php?rest_route=%2Fwp%2Fv2%2Fproduct_cat&post=1644"},{"taxonomy":"product_tag","embeddable":true,"href":"http:\/\/www.kutupsogutma.net\/index.php?rest_route=%2Fwp%2Fv2%2Fproduct_tag&post=1644"}],"curies":[{"name":"wp","href":"https:\/\/api.w.org\/{rel}","templated":true}]}}