{"id":1642,"date":"2021-05-05T19:37:47","date_gmt":"2021-05-05T16:37:47","guid":{"rendered":"http:\/\/www.kutupsogutma.net\/?post_type=product&#038;p=1642"},"modified":"2021-05-05T19:38:59","modified_gmt":"2021-05-05T16:38:59","slug":"vitrin-mentese-karaman-sgt2004","status":"publish","type":"product","link":"http:\/\/www.kutupsogutma.net\/?product=vitrin-mentese-karaman-sgt2004","title":{"rendered":"V\u0130TR\u0130N MENTE\u015eE KARAMAN SGT2004"},"content":{"rendered":"<p>V\u0130TR\u0130N MENTE\u015eE KARAMAN SGT2004<\/p>\n","protected":false},"excerpt":{"rendered":"<p>V\u0130TR\u0130N MENTE\u015eE KARAMAN SGT2004<\/p>\n","protected":false},"featured_media":1643,"comment_status":"open","ping_status":"closed","template":"","meta":[],"product_cat":[121,124],"product_tag":[1742,1741,1740],"_links":{"self":[{"href":"http:\/\/www.kutupsogutma.net\/index.php?rest_route=\/wp\/v2\/product\/1642"}],"collection":[{"href":"http:\/\/www.kutupsogutma.net\/index.php?rest_route=\/wp\/v2\/product"}],"about":[{"href":"http:\/\/www.kutupsogutma.net\/index.php?rest_route=\/wp\/v2\/types\/product"}],"replies":[{"embeddable":true,"href":"http:\/\/www.kutupsogutma.net\/index.php?rest_route=%2Fwp%2Fv2%2Fcomments&post=1642"}],"wp:featuredmedia":[{"embeddable":true,"href":"http:\/\/www.kutupsogutma.net\/index.php?rest_route=\/wp\/v2\/media\/1643"}],"wp:attachment":[{"href":"http:\/\/www.kutupsogutma.net\/index.php?rest_route=%2Fwp%2Fv2%2Fmedia&parent=1642"}],"wp:term":[{"taxonomy":"product_cat","embeddable":true,"href":"http:\/\/www.kutupsogutma.net\/index.php?rest_route=%2Fwp%2Fv2%2Fproduct_cat&post=1642"},{"taxonomy":"product_tag","embeddable":true,"href":"http:\/\/www.kutupsogutma.net\/index.php?rest_route=%2Fwp%2Fv2%2Fproduct_tag&post=1642"}],"curies":[{"name":"wp","href":"https:\/\/api.w.org\/{rel}","templated":true}]}}