{"id":1640,"date":"2021-05-05T19:36:36","date_gmt":"2021-05-05T16:36:36","guid":{"rendered":"http:\/\/www.kutupsogutma.net\/?post_type=product&#038;p=1640"},"modified":"2021-05-05T19:37:41","modified_gmt":"2021-05-05T16:37:41","slug":"vitrin-mentese-buzhane-sgt2003","status":"publish","type":"product","link":"http:\/\/www.kutupsogutma.net\/?product=vitrin-mentese-buzhane-sgt2003","title":{"rendered":"V\u0130TR\u0130N MENTE\u015eE BUZHANE SGT2003"},"content":{"rendered":"<p>V\u0130TR\u0130N MENTE\u015eE BUZHANE SGT2003<\/p>\n","protected":false},"excerpt":{"rendered":"<p>V\u0130TR\u0130N MENTE\u015eE BUZHANE SGT2003<\/p>\n","protected":false},"featured_media":1641,"comment_status":"open","ping_status":"closed","template":"","meta":[],"product_cat":[121,124],"product_tag":[1738,1739,1737],"_links":{"self":[{"href":"http:\/\/www.kutupsogutma.net\/index.php?rest_route=\/wp\/v2\/product\/1640"}],"collection":[{"href":"http:\/\/www.kutupsogutma.net\/index.php?rest_route=\/wp\/v2\/product"}],"about":[{"href":"http:\/\/www.kutupsogutma.net\/index.php?rest_route=\/wp\/v2\/types\/product"}],"replies":[{"embeddable":true,"href":"http:\/\/www.kutupsogutma.net\/index.php?rest_route=%2Fwp%2Fv2%2Fcomments&post=1640"}],"wp:featuredmedia":[{"embeddable":true,"href":"http:\/\/www.kutupsogutma.net\/index.php?rest_route=\/wp\/v2\/media\/1641"}],"wp:attachment":[{"href":"http:\/\/www.kutupsogutma.net\/index.php?rest_route=%2Fwp%2Fv2%2Fmedia&parent=1640"}],"wp:term":[{"taxonomy":"product_cat","embeddable":true,"href":"http:\/\/www.kutupsogutma.net\/index.php?rest_route=%2Fwp%2Fv2%2Fproduct_cat&post=1640"},{"taxonomy":"product_tag","embeddable":true,"href":"http:\/\/www.kutupsogutma.net\/index.php?rest_route=%2Fwp%2Fv2%2Fproduct_tag&post=1640"}],"curies":[{"name":"wp","href":"https:\/\/api.w.org\/{rel}","templated":true}]}}