{"id":164,"date":"2021-04-27T10:53:27","date_gmt":"2021-04-27T07:53:27","guid":{"rendered":"http:\/\/www.kutupsogutma.net\/?post_type=product&#038;p=164"},"modified":"2021-04-27T10:53:28","modified_gmt":"2021-04-27T07:53:28","slug":"buzdolabi-kapi-kol-arcelik-eski-tip-dokum-bzd8009","status":"publish","type":"product","link":"http:\/\/www.kutupsogutma.net\/?product=buzdolabi-kapi-kol-arcelik-eski-tip-dokum-bzd8009","title":{"rendered":"BUZDOLABI KAPI KOL AR\u00c7EL\u0130K ESK\u0130 T\u0130P D\u00d6K\u00dcM BZD8009"},"content":{"rendered":"<p><span style=\"vertical-align: inherit;\"><span style=\"vertical-align: inherit;\">BUZDOLABI KAPI KOL AR\u00c7EL\u0130K ESK\u0130 T\u0130P D\u00d6K\u00dcM BZD8009<\/span><\/span><\/p>\n","protected":false},"excerpt":{"rendered":"<p>BUZDOLABI KAPI KOL AR\u00c7EL\u0130K ESK\u0130 T\u0130P D\u00d6K\u00dcM BZD8009<\/p>\n","protected":false},"featured_media":165,"comment_status":"open","ping_status":"closed","template":"","meta":[],"product_cat":[41,19],"product_tag":[],"_links":{"self":[{"href":"http:\/\/www.kutupsogutma.net\/index.php?rest_route=\/wp\/v2\/product\/164"}],"collection":[{"href":"http:\/\/www.kutupsogutma.net\/index.php?rest_route=\/wp\/v2\/product"}],"about":[{"href":"http:\/\/www.kutupsogutma.net\/index.php?rest_route=\/wp\/v2\/types\/product"}],"replies":[{"embeddable":true,"href":"http:\/\/www.kutupsogutma.net\/index.php?rest_route=%2Fwp%2Fv2%2Fcomments&post=164"}],"wp:featuredmedia":[{"embeddable":true,"href":"http:\/\/www.kutupsogutma.net\/index.php?rest_route=\/wp\/v2\/media\/165"}],"wp:attachment":[{"href":"http:\/\/www.kutupsogutma.net\/index.php?rest_route=%2Fwp%2Fv2%2Fmedia&parent=164"}],"wp:term":[{"taxonomy":"product_cat","embeddable":true,"href":"http:\/\/www.kutupsogutma.net\/index.php?rest_route=%2Fwp%2Fv2%2Fproduct_cat&post=164"},{"taxonomy":"product_tag","embeddable":true,"href":"http:\/\/www.kutupsogutma.net\/index.php?rest_route=%2Fwp%2Fv2%2Fproduct_tag&post=164"}],"curies":[{"name":"wp","href":"https:\/\/api.w.org\/{rel}","templated":true}]}}