{"id":1636,"date":"2021-05-05T19:34:17","date_gmt":"2021-05-05T16:34:17","guid":{"rendered":"http:\/\/www.kutupsogutma.net\/?post_type=product&#038;p=1636"},"modified":"2021-05-05T19:35:21","modified_gmt":"2021-05-05T16:35:21","slug":"vitrin-mentese-kuru-havuz-sgt2001","status":"publish","type":"product","link":"http:\/\/www.kutupsogutma.net\/?product=vitrin-mentese-kuru-havuz-sgt2001","title":{"rendered":"V\u0130TR\u0130N MENTE\u015eE KURU HAVUZ SGT2001"},"content":{"rendered":"<p>V\u0130TR\u0130N MENTE\u015eE KURU HAVUZ SGT2001<\/p>\n","protected":false},"excerpt":{"rendered":"<p>V\u0130TR\u0130N MENTE\u015eE KURU HAVUZ SGT2001<\/p>\n","protected":false},"featured_media":1637,"comment_status":"open","ping_status":"closed","template":"","meta":[],"product_cat":[121,124],"product_tag":[1731,1734,1732,1733],"_links":{"self":[{"href":"http:\/\/www.kutupsogutma.net\/index.php?rest_route=\/wp\/v2\/product\/1636"}],"collection":[{"href":"http:\/\/www.kutupsogutma.net\/index.php?rest_route=\/wp\/v2\/product"}],"about":[{"href":"http:\/\/www.kutupsogutma.net\/index.php?rest_route=\/wp\/v2\/types\/product"}],"replies":[{"embeddable":true,"href":"http:\/\/www.kutupsogutma.net\/index.php?rest_route=%2Fwp%2Fv2%2Fcomments&post=1636"}],"wp:featuredmedia":[{"embeddable":true,"href":"http:\/\/www.kutupsogutma.net\/index.php?rest_route=\/wp\/v2\/media\/1637"}],"wp:attachment":[{"href":"http:\/\/www.kutupsogutma.net\/index.php?rest_route=%2Fwp%2Fv2%2Fmedia&parent=1636"}],"wp:term":[{"taxonomy":"product_cat","embeddable":true,"href":"http:\/\/www.kutupsogutma.net\/index.php?rest_route=%2Fwp%2Fv2%2Fproduct_cat&post=1636"},{"taxonomy":"product_tag","embeddable":true,"href":"http:\/\/www.kutupsogutma.net\/index.php?rest_route=%2Fwp%2Fv2%2Fproduct_tag&post=1636"}],"curies":[{"name":"wp","href":"https:\/\/api.w.org\/{rel}","templated":true}]}}