{"id":1634,"date":"2021-05-05T19:00:26","date_gmt":"2021-05-05T16:00:26","guid":{"rendered":"http:\/\/www.kutupsogutma.net\/?post_type=product&#038;p=1634"},"modified":"2021-05-05T19:34:10","modified_gmt":"2021-05-05T16:34:10","slug":"vitrin-mentese-sifir-havuz-sgt2000","status":"publish","type":"product","link":"http:\/\/www.kutupsogutma.net\/?product=vitrin-mentese-sifir-havuz-sgt2000","title":{"rendered":"V\u0130TR\u0130N MENTE\u015eE SIFIR HAVUZ SGT2000"},"content":{"rendered":"<p>V\u0130TR\u0130N MENTE\u015eE SIFIR HAVUZ SGT2000<\/p>\n","protected":false},"excerpt":{"rendered":"<p>V\u0130TR\u0130N MENTE\u015eE SIFIR HAVUZ SGT2000<\/p>\n","protected":false},"featured_media":1635,"comment_status":"open","ping_status":"closed","template":"","meta":[],"product_cat":[121,124],"product_tag":[1731,1732,1730],"_links":{"self":[{"href":"http:\/\/www.kutupsogutma.net\/index.php?rest_route=\/wp\/v2\/product\/1634"}],"collection":[{"href":"http:\/\/www.kutupsogutma.net\/index.php?rest_route=\/wp\/v2\/product"}],"about":[{"href":"http:\/\/www.kutupsogutma.net\/index.php?rest_route=\/wp\/v2\/types\/product"}],"replies":[{"embeddable":true,"href":"http:\/\/www.kutupsogutma.net\/index.php?rest_route=%2Fwp%2Fv2%2Fcomments&post=1634"}],"wp:featuredmedia":[{"embeddable":true,"href":"http:\/\/www.kutupsogutma.net\/index.php?rest_route=\/wp\/v2\/media\/1635"}],"wp:attachment":[{"href":"http:\/\/www.kutupsogutma.net\/index.php?rest_route=%2Fwp%2Fv2%2Fmedia&parent=1634"}],"wp:term":[{"taxonomy":"product_cat","embeddable":true,"href":"http:\/\/www.kutupsogutma.net\/index.php?rest_route=%2Fwp%2Fv2%2Fproduct_cat&post=1634"},{"taxonomy":"product_tag","embeddable":true,"href":"http:\/\/www.kutupsogutma.net\/index.php?rest_route=%2Fwp%2Fv2%2Fproduct_tag&post=1634"}],"curies":[{"name":"wp","href":"https:\/\/api.w.org\/{rel}","templated":true}]}}