{"id":1632,"date":"2021-05-05T18:59:16","date_gmt":"2021-05-05T15:59:16","guid":{"rendered":"http:\/\/www.kutupsogutma.net\/?post_type=product&#038;p=1632"},"modified":"2021-05-05T19:00:21","modified_gmt":"2021-05-05T16:00:21","slug":"termostat-vitrin-ranco-k50-1125-sgt1013","status":"publish","type":"product","link":"http:\/\/www.kutupsogutma.net\/?product=termostat-vitrin-ranco-k50-1125-sgt1013","title":{"rendered":"TERMOSTAT V\u0130TR\u0130N RANCO K50 1125 SGT1013"},"content":{"rendered":"<p>TERMOSTAT V\u0130TR\u0130N RANCO K50 1125 SGT1013<\/p>\n","protected":false},"excerpt":{"rendered":"<p>TERMOSTAT V\u0130TR\u0130N RANCO K50 1125 SGT1013<\/p>\n","protected":false},"featured_media":1633,"comment_status":"open","ping_status":"closed","template":"","meta":[],"product_cat":[123,121],"product_tag":[1729,1725,1727,1728,1726],"_links":{"self":[{"href":"http:\/\/www.kutupsogutma.net\/index.php?rest_route=\/wp\/v2\/product\/1632"}],"collection":[{"href":"http:\/\/www.kutupsogutma.net\/index.php?rest_route=\/wp\/v2\/product"}],"about":[{"href":"http:\/\/www.kutupsogutma.net\/index.php?rest_route=\/wp\/v2\/types\/product"}],"replies":[{"embeddable":true,"href":"http:\/\/www.kutupsogutma.net\/index.php?rest_route=%2Fwp%2Fv2%2Fcomments&post=1632"}],"wp:featuredmedia":[{"embeddable":true,"href":"http:\/\/www.kutupsogutma.net\/index.php?rest_route=\/wp\/v2\/media\/1633"}],"wp:attachment":[{"href":"http:\/\/www.kutupsogutma.net\/index.php?rest_route=%2Fwp%2Fv2%2Fmedia&parent=1632"}],"wp:term":[{"taxonomy":"product_cat","embeddable":true,"href":"http:\/\/www.kutupsogutma.net\/index.php?rest_route=%2Fwp%2Fv2%2Fproduct_cat&post=1632"},{"taxonomy":"product_tag","embeddable":true,"href":"http:\/\/www.kutupsogutma.net\/index.php?rest_route=%2Fwp%2Fv2%2Fproduct_tag&post=1632"}],"curies":[{"name":"wp","href":"https:\/\/api.w.org\/{rel}","templated":true}]}}