{"id":1624,"date":"2021-05-05T18:53:36","date_gmt":"2021-05-05T15:53:36","guid":{"rendered":"http:\/\/www.kutupsogutma.net\/?post_type=product&#038;p=1624"},"modified":"2021-05-05T18:55:27","modified_gmt":"2021-05-05T15:55:27","slug":"termostat-presostat-ranco-alcak-basinc-vakum-016h6703b01-sgt1009","status":"publish","type":"product","link":"http:\/\/www.kutupsogutma.net\/?product=termostat-presostat-ranco-alcak-basinc-vakum-016h6703b01-sgt1009","title":{"rendered":"TERMOSTAT PRESOSTAT RANCO AL\u00c7AK BASIN\u00c7 VAKUM 016H6703B01 SGT1009"},"content":{"rendered":"<p>TERMOSTAT PRESOSTAT RANCO AL\u00c7AK BASIN\u00c7 VAKUM 016H6703B01 SGT1009<\/p>\n","protected":false},"excerpt":{"rendered":"<p>TERMOSTAT PRESOSTAT RANCO AL\u00c7AK BASIN\u00c7 VAKUM 016H6703B01 SGT1009<\/p>\n","protected":false},"featured_media":1625,"comment_status":"open","ping_status":"closed","template":"","meta":[],"product_cat":[123,121],"product_tag":[1722,1721,1720],"_links":{"self":[{"href":"http:\/\/www.kutupsogutma.net\/index.php?rest_route=\/wp\/v2\/product\/1624"}],"collection":[{"href":"http:\/\/www.kutupsogutma.net\/index.php?rest_route=\/wp\/v2\/product"}],"about":[{"href":"http:\/\/www.kutupsogutma.net\/index.php?rest_route=\/wp\/v2\/types\/product"}],"replies":[{"embeddable":true,"href":"http:\/\/www.kutupsogutma.net\/index.php?rest_route=%2Fwp%2Fv2%2Fcomments&post=1624"}],"wp:featuredmedia":[{"embeddable":true,"href":"http:\/\/www.kutupsogutma.net\/index.php?rest_route=\/wp\/v2\/media\/1625"}],"wp:attachment":[{"href":"http:\/\/www.kutupsogutma.net\/index.php?rest_route=%2Fwp%2Fv2%2Fmedia&parent=1624"}],"wp:term":[{"taxonomy":"product_cat","embeddable":true,"href":"http:\/\/www.kutupsogutma.net\/index.php?rest_route=%2Fwp%2Fv2%2Fproduct_cat&post=1624"},{"taxonomy":"product_tag","embeddable":true,"href":"http:\/\/www.kutupsogutma.net\/index.php?rest_route=%2Fwp%2Fv2%2Fproduct_tag&post=1624"}],"curies":[{"name":"wp","href":"https:\/\/api.w.org\/{rel}","templated":true}]}}