{"id":1622,"date":"2021-05-05T18:51:56","date_gmt":"2021-05-05T15:51:56","guid":{"rendered":"http:\/\/www.kutupsogutma.net\/?post_type=product&#038;p=1622"},"modified":"2021-05-05T18:53:32","modified_gmt":"2021-05-05T15:53:32","slug":"termostat-presostat-ranco-yuksek-basinc-presyon-o16h6751b01-manuel-resetli-sgt1008","status":"publish","type":"product","link":"http:\/\/www.kutupsogutma.net\/?product=termostat-presostat-ranco-yuksek-basinc-presyon-o16h6751b01-manuel-resetli-sgt1008","title":{"rendered":"TERMOSTAT PRESOSTAT RANCO Y\u00dcKSEK BASIN\u00c7 PRESYON O16H6751B01 MANUEL RESETL\u0130 SGT1008"},"content":{"rendered":"<p>TERMOSTAT PRESOSTAT RANCO Y\u00dcKSEK BASIN\u00c7 PRESYON O16H6751B01 MANUEL RESETL\u0130 SGT1008<\/p>\n","protected":false},"excerpt":{"rendered":"<p>TERMOSTAT PRESOSTAT RANCO Y\u00dcKSEK BASIN\u00c7 PRESYON O16H6751B01 MANUEL RESETL\u0130 SGT1008<\/p>\n","protected":false},"featured_media":1623,"comment_status":"open","ping_status":"closed","template":"","meta":[],"product_cat":[123,121],"product_tag":[1716,1719,1718,1717],"_links":{"self":[{"href":"http:\/\/www.kutupsogutma.net\/index.php?rest_route=\/wp\/v2\/product\/1622"}],"collection":[{"href":"http:\/\/www.kutupsogutma.net\/index.php?rest_route=\/wp\/v2\/product"}],"about":[{"href":"http:\/\/www.kutupsogutma.net\/index.php?rest_route=\/wp\/v2\/types\/product"}],"replies":[{"embeddable":true,"href":"http:\/\/www.kutupsogutma.net\/index.php?rest_route=%2Fwp%2Fv2%2Fcomments&post=1622"}],"wp:featuredmedia":[{"embeddable":true,"href":"http:\/\/www.kutupsogutma.net\/index.php?rest_route=\/wp\/v2\/media\/1623"}],"wp:attachment":[{"href":"http:\/\/www.kutupsogutma.net\/index.php?rest_route=%2Fwp%2Fv2%2Fmedia&parent=1622"}],"wp:term":[{"taxonomy":"product_cat","embeddable":true,"href":"http:\/\/www.kutupsogutma.net\/index.php?rest_route=%2Fwp%2Fv2%2Fproduct_cat&post=1622"},{"taxonomy":"product_tag","embeddable":true,"href":"http:\/\/www.kutupsogutma.net\/index.php?rest_route=%2Fwp%2Fv2%2Fproduct_tag&post=1622"}],"curies":[{"name":"wp","href":"https:\/\/api.w.org\/{rel}","templated":true}]}}