{"id":1618,"date":"2021-05-05T18:48:32","date_gmt":"2021-05-05T15:48:32","guid":{"rendered":"http:\/\/www.kutupsogutma.net\/?post_type=product&#038;p=1618"},"modified":"2021-05-05T18:49:35","modified_gmt":"2021-05-05T15:49:35","slug":"termostat-dijital-evco-3-uclu-cift-proplu-evkb23-sgt1006","status":"publish","type":"product","link":"http:\/\/www.kutupsogutma.net\/?product=termostat-dijital-evco-3-uclu-cift-proplu-evkb23-sgt1006","title":{"rendered":"TERMOSTAT D\u0130J\u0130TAL EVCO 3 U\u00c7LU-\u00c7\u0130FT PROPLU EVKB23 SGT1006"},"content":{"rendered":"<p>TERMOSTAT D\u0130J\u0130TAL EVCO 3 U\u00c7LU-\u00c7\u0130FT PROPLU EVKB23 SGT1006<\/p>\n","protected":false},"excerpt":{"rendered":"<p>TERMOSTAT D\u0130J\u0130TAL EVCO 3 U\u00c7LU-\u00c7\u0130FT PROPLU EVKB23 SGT1006<\/p>\n","protected":false},"featured_media":1619,"comment_status":"open","ping_status":"closed","template":"","meta":[],"product_cat":[123,121],"product_tag":[1713,1712],"_links":{"self":[{"href":"http:\/\/www.kutupsogutma.net\/index.php?rest_route=\/wp\/v2\/product\/1618"}],"collection":[{"href":"http:\/\/www.kutupsogutma.net\/index.php?rest_route=\/wp\/v2\/product"}],"about":[{"href":"http:\/\/www.kutupsogutma.net\/index.php?rest_route=\/wp\/v2\/types\/product"}],"replies":[{"embeddable":true,"href":"http:\/\/www.kutupsogutma.net\/index.php?rest_route=%2Fwp%2Fv2%2Fcomments&post=1618"}],"wp:featuredmedia":[{"embeddable":true,"href":"http:\/\/www.kutupsogutma.net\/index.php?rest_route=\/wp\/v2\/media\/1619"}],"wp:attachment":[{"href":"http:\/\/www.kutupsogutma.net\/index.php?rest_route=%2Fwp%2Fv2%2Fmedia&parent=1618"}],"wp:term":[{"taxonomy":"product_cat","embeddable":true,"href":"http:\/\/www.kutupsogutma.net\/index.php?rest_route=%2Fwp%2Fv2%2Fproduct_cat&post=1618"},{"taxonomy":"product_tag","embeddable":true,"href":"http:\/\/www.kutupsogutma.net\/index.php?rest_route=%2Fwp%2Fv2%2Fproduct_tag&post=1618"}],"curies":[{"name":"wp","href":"https:\/\/api.w.org\/{rel}","templated":true}]}}