{"id":1614,"date":"2021-05-05T18:45:37","date_gmt":"2021-05-05T15:45:37","guid":{"rendered":"http:\/\/www.kutupsogutma.net\/?post_type=product&#038;p=1614"},"modified":"2021-05-05T18:46:52","modified_gmt":"2021-05-05T15:46:52","slug":"termostat-dijital-srt974b-3-uclu-cift-proplu-sgt1004","status":"publish","type":"product","link":"http:\/\/www.kutupsogutma.net\/?product=termostat-dijital-srt974b-3-uclu-cift-proplu-sgt1004","title":{"rendered":"TERMOSTAT D\u0130J\u0130TAL (SRT974B) 3 U\u00c7LU-\u00c7\u0130FT PROPLU SGT1004"},"content":{"rendered":"<p>TERMOSTAT D\u0130J\u0130TAL (SRT974B) 3 U\u00c7LU-\u00c7\u0130FT PROPLU SGT1004<\/p>\n","protected":false},"excerpt":{"rendered":"<p>TERMOSTAT D\u0130J\u0130TAL (SRT974B) 3 U\u00c7LU-\u00c7\u0130FT PROPLU SGT1004<\/p>\n","protected":false},"featured_media":1615,"comment_status":"open","ping_status":"closed","template":"","meta":[],"product_cat":[123,121],"product_tag":[1709,1708],"_links":{"self":[{"href":"http:\/\/www.kutupsogutma.net\/index.php?rest_route=\/wp\/v2\/product\/1614"}],"collection":[{"href":"http:\/\/www.kutupsogutma.net\/index.php?rest_route=\/wp\/v2\/product"}],"about":[{"href":"http:\/\/www.kutupsogutma.net\/index.php?rest_route=\/wp\/v2\/types\/product"}],"replies":[{"embeddable":true,"href":"http:\/\/www.kutupsogutma.net\/index.php?rest_route=%2Fwp%2Fv2%2Fcomments&post=1614"}],"wp:featuredmedia":[{"embeddable":true,"href":"http:\/\/www.kutupsogutma.net\/index.php?rest_route=\/wp\/v2\/media\/1615"}],"wp:attachment":[{"href":"http:\/\/www.kutupsogutma.net\/index.php?rest_route=%2Fwp%2Fv2%2Fmedia&parent=1614"}],"wp:term":[{"taxonomy":"product_cat","embeddable":true,"href":"http:\/\/www.kutupsogutma.net\/index.php?rest_route=%2Fwp%2Fv2%2Fproduct_cat&post=1614"},{"taxonomy":"product_tag","embeddable":true,"href":"http:\/\/www.kutupsogutma.net\/index.php?rest_route=%2Fwp%2Fv2%2Fproduct_tag&post=1614"}],"curies":[{"name":"wp","href":"https:\/\/api.w.org\/{rel}","templated":true}]}}