{"id":1610,"date":"2021-05-05T18:42:59","date_gmt":"2021-05-05T15:42:59","guid":{"rendered":"http:\/\/www.kutupsogutma.net\/?post_type=product&#038;p=1610"},"modified":"2021-05-05T18:43:50","modified_gmt":"2021-05-05T15:43:50","slug":"termometre-derece-dijital-propsuz-siyah-sgt1002","status":"publish","type":"product","link":"http:\/\/www.kutupsogutma.net\/?product=termometre-derece-dijital-propsuz-siyah-sgt1002","title":{"rendered":"TERMOMETRE DERECE D\u0130J\u0130TAL PROPSUZ S\u0130YAH SGT1002"},"content":{"rendered":"<p>TERMOMETRE DERECE D\u0130J\u0130TAL PROPSUZ S\u0130YAH SGT1002<\/p>\n","protected":false},"excerpt":{"rendered":"<p>TERMOMETRE DERECE D\u0130J\u0130TAL PROPSUZ S\u0130YAH SGT1002<\/p>\n","protected":false},"featured_media":1611,"comment_status":"open","ping_status":"closed","template":"","meta":[],"product_cat":[123,121],"product_tag":[1704,1705],"_links":{"self":[{"href":"http:\/\/www.kutupsogutma.net\/index.php?rest_route=\/wp\/v2\/product\/1610"}],"collection":[{"href":"http:\/\/www.kutupsogutma.net\/index.php?rest_route=\/wp\/v2\/product"}],"about":[{"href":"http:\/\/www.kutupsogutma.net\/index.php?rest_route=\/wp\/v2\/types\/product"}],"replies":[{"embeddable":true,"href":"http:\/\/www.kutupsogutma.net\/index.php?rest_route=%2Fwp%2Fv2%2Fcomments&post=1610"}],"wp:featuredmedia":[{"embeddable":true,"href":"http:\/\/www.kutupsogutma.net\/index.php?rest_route=\/wp\/v2\/media\/1611"}],"wp:attachment":[{"href":"http:\/\/www.kutupsogutma.net\/index.php?rest_route=%2Fwp%2Fv2%2Fmedia&parent=1610"}],"wp:term":[{"taxonomy":"product_cat","embeddable":true,"href":"http:\/\/www.kutupsogutma.net\/index.php?rest_route=%2Fwp%2Fv2%2Fproduct_cat&post=1610"},{"taxonomy":"product_tag","embeddable":true,"href":"http:\/\/www.kutupsogutma.net\/index.php?rest_route=%2Fwp%2Fv2%2Fproduct_tag&post=1610"}],"curies":[{"name":"wp","href":"https:\/\/api.w.org\/{rel}","templated":true}]}}