{"id":1599,"date":"2021-05-05T18:36:38","date_gmt":"2021-05-05T15:36:38","guid":{"rendered":"http:\/\/www.kutupsogutma.net\/?post_type=product&#038;p=1599"},"modified":"2021-05-05T18:37:38","modified_gmt":"2021-05-05T15:37:38","slug":"expansion-valf-termostatik-genlesme-vanasi-3-4-sgt0006","status":"publish","type":"product","link":"http:\/\/www.kutupsogutma.net\/?product=expansion-valf-termostatik-genlesme-vanasi-3-4-sgt0006","title":{"rendered":"EXPANS\u0130ON VALF TERMOSTAT\u0130K GENLE\u015eME VANASI 3\/4 SGT0006"},"content":{"rendered":"<p>EXPANS\u0130ON VALF TERMOSTAT\u0130K GENLE\u015eME VANASI 3\/4 SGT0006<\/p>\n","protected":false},"excerpt":{"rendered":"<p>EXPANS\u0130ON VALF TERMOSTAT\u0130K GENLE\u015eME VANASI 3\/4 SGT0006<\/p>\n","protected":false},"featured_media":1600,"comment_status":"open","ping_status":"closed","template":"","meta":[],"product_cat":[122,121],"product_tag":[1695,1694],"_links":{"self":[{"href":"http:\/\/www.kutupsogutma.net\/index.php?rest_route=\/wp\/v2\/product\/1599"}],"collection":[{"href":"http:\/\/www.kutupsogutma.net\/index.php?rest_route=\/wp\/v2\/product"}],"about":[{"href":"http:\/\/www.kutupsogutma.net\/index.php?rest_route=\/wp\/v2\/types\/product"}],"replies":[{"embeddable":true,"href":"http:\/\/www.kutupsogutma.net\/index.php?rest_route=%2Fwp%2Fv2%2Fcomments&post=1599"}],"wp:featuredmedia":[{"embeddable":true,"href":"http:\/\/www.kutupsogutma.net\/index.php?rest_route=\/wp\/v2\/media\/1600"}],"wp:attachment":[{"href":"http:\/\/www.kutupsogutma.net\/index.php?rest_route=%2Fwp%2Fv2%2Fmedia&parent=1599"}],"wp:term":[{"taxonomy":"product_cat","embeddable":true,"href":"http:\/\/www.kutupsogutma.net\/index.php?rest_route=%2Fwp%2Fv2%2Fproduct_cat&post=1599"},{"taxonomy":"product_tag","embeddable":true,"href":"http:\/\/www.kutupsogutma.net\/index.php?rest_route=%2Fwp%2Fv2%2Fproduct_tag&post=1599"}],"curies":[{"name":"wp","href":"https:\/\/api.w.org\/{rel}","templated":true}]}}